{"id":5891,"date":"2019-03-01T12:21:27","date_gmt":"2019-03-01T11:21:27","guid":{"rendered":"https:\/\/www.tecsa-srl.it\/overview-prodotti\/"},"modified":"2023-11-09T10:27:07","modified_gmt":"2023-11-09T09:27:07","slug":"resumen-productos","status":"publish","type":"page","link":"https:\/\/www.tecsa-srl.it\/es\/resumen-productos\/","title":{"rendered":"Resumen de productos"},"content":{"rendered":"<p>[et_pb_section fb_built=\u00bb1&#8243; _builder_version=\u00bb4.16&#8243; use_background_color_gradient=\u00bbon\u00bb background_color_gradient_direction=\u00bb45deg\u00bb background_color_gradient_stops=\u00bbrgba(29,38,0,0.85) 0%|rgba(29,38,0,0) 100%\u00bb background_color_gradient_overlays_image=\u00bbon\u00bb background_color_gradient_start=\u00bbrgba(29,38,0,0.85)\u00bb background_color_gradient_end=\u00bbrgba(29,38,0,0)\u00bb background_image=\u00bbhttps:\/\/www.tecsa-srl.it\/wp-content\/uploads\/2019\/03\/Overview-prodotti-tecsa.jpg\u00bb custom_padding=\u00bb6vw|0px|6vw|0px|true|false\u00bb global_colors_info=\u00bb{}\u00bb][et_pb_row _builder_version=\u00bb4.16&#8243; max_width=\u00bb1080px\u00bb global_colors_info=\u00bb{}\u00bb][et_pb_column type=\u00bb4_4&#8243; _builder_version=\u00bb4.16&#8243; custom_padding=\u00bb|||\u00bb global_colors_info=\u00bb{}\u00bb custom_padding__hover=\u00bb|||\u00bb][et_pb_text _builder_version=\u00bb4.23&#8243; text_font_size=\u00bb18px\u00bb text_line_height=\u00bb2em\u00bb header_font=\u00bb|700|||||||\u00bb header_font_size=\u00bb60px\u00bb header_line_height=\u00bb1.2em\u00bb text_orientation=\u00bbcenter\u00bb background_layout=\u00bbdark\u00bb max_width=\u00bb600px\u00bb module_alignment=\u00bbcenter\u00bb custom_margin=\u00bb|||\u00bb text_font_size_tablet=\u00bb\u00bb text_font_size_phone=\u00bb16px\u00bb text_font_size_last_edited=\u00bbon|phone\u00bb header_font_size_tablet=\u00bb50px\u00bb header_font_size_phone=\u00bb40px\u00bb header_font_size_last_edited=\u00bbon|phone\u00bb locked=\u00bboff\u00bb global_colors_info=\u00bb{}\u00bb]<\/p>\n<h1>Resumen de productos<\/h1>\n<p>[\/et_pb_text][\/et_pb_column][\/et_pb_row][\/et_pb_section][et_pb_section fb_built=\u00bb1&#8243; admin_label=\u00bbAbout\u00bb _builder_version=\u00bb4.16&#8243; background_size=\u00bbinitial\u00bb background_position=\u00bbtop_left\u00bb global_colors_info=\u00bb{}\u00bb][et_pb_row _builder_version=\u00bb4.16&#8243; max_width=\u00bb1080px\u00bb custom_padding=\u00bb27px|0px|0|0px|false|false\u00bb locked=\u00bboff\u00bb global_colors_info=\u00bb{}\u00bb][et_pb_column type=\u00bb4_4&#8243; _builder_version=\u00bb4.16&#8243; custom_padding=\u00bb|||\u00bb global_colors_info=\u00bb{}\u00bb custom_padding__hover=\u00bb|||\u00bb][et_pb_text _builder_version=\u00bb4.23&#8243; vertical_offset_tablet=\u00bb0&#8243; horizontal_offset_tablet=\u00bb0&#8243; z_index_tablet=\u00bb0&#8243; text_text_shadow_horizontal_length_tablet=\u00bb0px\u00bb text_text_shadow_vertical_length_tablet=\u00bb0px\u00bb text_text_shadow_blur_strength_tablet=\u00bb1px\u00bb link_text_shadow_horizontal_length_tablet=\u00bb0px\u00bb link_text_shadow_vertical_length_tablet=\u00bb0px\u00bb link_text_shadow_blur_strength_tablet=\u00bb1px\u00bb ul_text_shadow_horizontal_length_tablet=\u00bb0px\u00bb ul_text_shadow_vertical_length_tablet=\u00bb0px\u00bb ul_text_shadow_blur_strength_tablet=\u00bb1px\u00bb ol_text_shadow_horizontal_length_tablet=\u00bb0px\u00bb ol_text_shadow_vertical_length_tablet=\u00bb0px\u00bb ol_text_shadow_blur_strength_tablet=\u00bb1px\u00bb quote_text_shadow_horizontal_length_tablet=\u00bb0px\u00bb quote_text_shadow_vertical_length_tablet=\u00bb0px\u00bb quote_text_shadow_blur_strength_tablet=\u00bb1px\u00bb header_text_shadow_horizontal_length_tablet=\u00bb0px\u00bb header_text_shadow_vertical_length_tablet=\u00bb0px\u00bb header_text_shadow_blur_strength_tablet=\u00bb1px\u00bb header_2_text_shadow_horizontal_length_tablet=\u00bb0px\u00bb header_2_text_shadow_vertical_length_tablet=\u00bb0px\u00bb header_2_text_shadow_blur_strength_tablet=\u00bb1px\u00bb header_3_text_shadow_horizontal_length_tablet=\u00bb0px\u00bb header_3_text_shadow_vertical_length_tablet=\u00bb0px\u00bb header_3_text_shadow_blur_strength_tablet=\u00bb1px\u00bb header_4_text_shadow_horizontal_length_tablet=\u00bb0px\u00bb header_4_text_shadow_vertical_length_tablet=\u00bb0px\u00bb header_4_text_shadow_blur_strength_tablet=\u00bb1px\u00bb header_5_text_shadow_horizontal_length_tablet=\u00bb0px\u00bb header_5_text_shadow_vertical_length_tablet=\u00bb0px\u00bb header_5_text_shadow_blur_strength_tablet=\u00bb1px\u00bb header_6_text_shadow_horizontal_length_tablet=\u00bb0px\u00bb header_6_text_shadow_vertical_length_tablet=\u00bb0px\u00bb header_6_text_shadow_blur_strength_tablet=\u00bb1px\u00bb box_shadow_horizontal_tablet=\u00bb0px\u00bb box_shadow_vertical_tablet=\u00bb0px\u00bb box_shadow_blur_tablet=\u00bb40px\u00bb box_shadow_spread_tablet=\u00bb0px\u00bb global_colors_info=\u00bb{}\u00bb]Esta descripci\u00f3n general explica las capacidades de nuestras m\u00e1quinas y sus campos de aplicaci\u00f3n. Analizando las caracter\u00edsticas de los ensayos a realizar, las categor\u00edas de veh\u00edculos y los distintos tipos de montaje de frenos, podr\u00e1 identificar la m\u00e1quina m\u00e1s adecuada a sus necesidades. Estaremos encantados de tratar todas sus preguntas con m\u00e1s detalle.[\/et_pb_text][et_pb_text disabled_on=\u00bbon|on|\u00bb _builder_version=\u00bb4.23&#8243; vertical_offset_tablet=\u00bb0&#8243; horizontal_offset_tablet=\u00bb0&#8243; z_index_tablet=\u00bb500&#8243; box_shadow_horizontal_tablet=\u00bb0px\u00bb box_shadow_vertical_tablet=\u00bb0px\u00bb box_shadow_blur_tablet=\u00bb40px\u00bb box_shadow_spread_tablet=\u00bb0px\u00bb global_colors_info=\u00bb{}\u00bb]<\/p>\n<div class=\"table-wrap\">\n<table>\n<tbody>\n<tr>\n<td><strong>Resumen de nuestros productos<\/strong><\/td>\n<td style=\"text-align: center;\"><strong>TB<\/strong><\/td>\n<td style=\"text-align: center;\"><strong>TC 100<\/strong><\/td>\n<td style=\"text-align: center;\"><strong>TC 225<\/strong><\/td>\n<td style=\"text-align: center;\"><strong>TT 2200<\/strong><\/td>\n<td style=\"text-align: center;\"><strong>TR 2600<\/strong><\/td>\n<td style=\"text-align: center;\"><strong>HSR<\/strong><\/td>\n<\/tr>\n<tr>\n<td><strong>CAPACIDAD<\/strong><\/td>\n<td><\/td>\n<td><\/td>\n<td><\/td>\n<td><\/td>\n<td><\/td>\n<td><\/td>\n<\/tr>\n<tr>\n<td style=\"text-align: right;\">Marcha adelante\/atr\u00e1s<\/td>\n<td style=\"background-color: #ffff00; border: 1px solid #000;\"><\/td>\n<td style=\"background-color: #ffff00; border: 1px solid #000;\"><\/td>\n<td style=\"background-color: #ffff00; border: 1px solid #000;\"><\/td>\n<td style=\"background-color: #ffff00; border: 1px solid #000;\"><\/td>\n<td style=\"background-color: #ffff00; border: 1px solid #000;\"><\/td>\n<td style=\"background-color: #ffff00; border: 1px solid #000;\"><\/td>\n<\/tr>\n<tr>\n<td style=\"text-align: right;\">WLTP, frenado regenerativo para veh\u00edculos el\u00e9ctricos e h\u00edbridos<\/td>\n<td style=\"background-color: #ffff00; border: 1px solid #000;\"><\/td>\n<td style=\"background-color: #ffff00; border: 1px solid #000;\"><\/td>\n<td style=\"background-color: #ffff00; border: 1px solid #000;\"><\/td>\n<td style=\"background-color: #ffff00; border: 1px solid #000;\"><\/td>\n<td style=\"background-color: #ffff00; border: 1px solid #000;\"><\/td>\n<td style=\"background-color: #ffff00; border: 1px solid #000;\"><\/td>\n<\/tr>\n<tr>\n<td style=\"text-align: right;\">EPB (freno de mano el\u00e9ctrico), an\u00e1lisis de polvo<\/td>\n<td><\/td>\n<td style=\"background-color: #ffff00; border: 1px solid #000;\"><\/td>\n<td style=\"background-color: #ffff00; border: 1px solid #000;\"><\/td>\n<td style=\"background-color: #ffff00; border: 1px solid #000;\"><\/td>\n<td style=\"background-color: #ffff00; border: 1px solid #000;\"><\/td>\n<td style=\"background-color: #ffff00; border: 1px solid #000;\"><\/td>\n<\/tr>\n<tr>\n<td style=\"text-align: right;\">NVH<\/td>\n<td><\/td>\n<td style=\"background-color: #ffff00; border: 1px solid #000;\"><\/td>\n<td style=\"background-color: #ffff00; border: 1px solid #000;\"><\/td>\n<td style=\"background-color: #ffff00; border: 1px solid #000;\"><\/td>\n<td><\/td>\n<td><\/td>\n<\/tr>\n<tr>\n<td style=\"text-align: right;\">Sistema clim\u00e1tico<\/td>\n<td><\/td>\n<td style=\"background-color: #ffff00; border: 1px solid #000;\"><\/td>\n<td style=\"background-color: #ffff00; border: 1px solid #000;\"><\/td>\n<td style=\"background-color: #ffff00; border: 1px solid #000;\"><\/td>\n<td style=\"background-color: #ffff00; border: 1px solid #000;\"><\/td>\n<td style=\"background-color: #ffff00; border: 1px solid #000;\"><\/td>\n<\/tr>\n<tr>\n<td><strong>\u00c1REAS DE APLICACI\u00d3N<\/strong><\/td>\n<td><\/td>\n<td><\/td>\n<td><\/td>\n<td><\/td>\n<td><\/td>\n<td><\/td>\n<\/tr>\n<tr>\n<td style=\"text-align: right;\">Pruebas a peque\u00f1a escala\/Microcoches\/Bicicletas<\/td>\n<td style=\"background-color: #92d050; border: 1px solid #000;\"><\/td>\n<td><\/td>\n<td><\/td>\n<td><\/td>\n<td><\/td>\n<td><\/td>\n<\/tr>\n<tr>\n<td style=\"text-align: right;\">Supercoches\/Utilitarios<\/td>\n<td><\/td>\n<td style=\"background-color: #92d050; border: 1px solid #000;\"><\/td>\n<td style=\"background-color: #92d050; border: 1px solid #000;\"><\/td>\n<td><\/td>\n<td><\/td>\n<td><\/td>\n<\/tr>\n<tr>\n<td style=\"text-align: right;\">Coches familiares peque\u00f1os\/Motos<\/td>\n<td><\/td>\n<td style=\"background-color: #92d050; border: 1px solid #000;\"><\/td>\n<td style=\"background-color: #92d050; border: 1px solid #000;\"><\/td>\n<td><\/td>\n<td><\/td>\n<td><\/td>\n<\/tr>\n<tr>\n<td style=\"text-align: right;\">Coches medianos<\/td>\n<td><\/td>\n<td style=\"background-color: #92d050; border: 1px solid #000;\"><\/td>\n<td style=\"background-color: #92d050; border: 1px solid #000;\"><\/td>\n<td><\/td>\n<td><\/td>\n<td><\/td>\n<\/tr>\n<tr>\n<td style=\"text-align: right;\">Turismos y deportivos\/Veh\u00edculos utilitarios\/Veh\u00edculos comerciales ligeros<\/td>\n<td><\/td>\n<td><\/td>\n<td style=\"background-color: #92d050; border: 1px solid #000;\"><\/td>\n<td><\/td>\n<td><\/td>\n<td><\/td>\n<\/tr>\n<tr>\n<td style=\"text-align: right;\">Turismos de altas prestaciones<\/td>\n<td><\/td>\n<td><\/td>\n<td style=\"background-color: #92d050; border: 1px solid #000;\"><\/td>\n<td><\/td>\n<td><\/td>\n<td><\/td>\n<\/tr>\n<tr>\n<td style=\"text-align: right;\">Veh\u00edculos comerciales ligeros y pesados (furgonetas, camiones)<\/td>\n<td><\/td>\n<td><\/td>\n<td><\/td>\n<td style=\"background-color: #92d050; border: 1px solid #000;\"><\/td>\n<td style=\"background-color: #92d050; border: 1px solid #000;\"><\/td>\n<td><\/td>\n<\/tr>\n<tr>\n<td style=\"text-align: right;\">Trenes y trenes de alta velocidad<\/td>\n<td><\/td>\n<td><\/td>\n<td><\/td>\n<td><\/td>\n<td style=\"background-color: #92d050; border: 1px solid #000;\"><\/td>\n<td style=\"background-color: #92d050; border: 1px solid #000;\"><\/td>\n<\/tr>\n<tr>\n<td><strong>CONTROL DEL SISTEMA DE FRENADO<\/strong><\/td>\n<td><\/td>\n<td><\/td>\n<td><\/td>\n<td><\/td>\n<td><\/td>\n<td><\/td>\n<\/tr>\n<tr>\n<td style=\"text-align: right;\">Simple<\/td>\n<td style=\"background-color: #00b0f0; border: 1px solid #000;\"><\/td>\n<td style=\"background-color: #00b0f0; border: 1px solid #000;\"><\/td>\n<td style=\"background-color: #00b0f0; border: 1px solid #000;\"><\/td>\n<td style=\"background-color: #00b0f0; border: 1px solid #000;\"><\/td>\n<td style=\"background-color: #00b0f0; border: 1px solid #000;\"><\/td>\n<td style=\"background-color: #00b0f0; border: 1px solid #000;\"><\/td>\n<\/tr>\n<tr>\n<td style=\"text-align: right;\">Con cubo de rueda<\/td>\n<td><\/td>\n<td style=\"background-color: #00b0f0; border: 1px solid #000;\"><\/td>\n<td style=\"background-color: #00b0f0; border: 1px solid #000;\"><\/td>\n<td style=\"background-color: #00b0f0; border: 1px solid #000;\"><\/td>\n<td><\/td>\n<td><\/td>\n<\/tr>\n<tr>\n<td style=\"text-align: right;\">Con suspensi\u00f3n<\/td>\n<td><\/td>\n<td style=\"background-color: #00b0f0; border: 1px solid #000;\"><\/td>\n<td style=\"background-color: #00b0f0; border: 1px solid #000;\"><\/td>\n<td><\/td>\n<td><\/td>\n<td><\/td>\n<\/tr>\n<tr>\n<td style=\"text-align: right;\">Con eje completo<\/td>\n<td><\/td>\n<td><\/td>\n<td style=\"background-color: #00b0f0; border: 1px solid #000;\"><\/td>\n<td style=\"background-color: #00b0f0; border: 1px solid #000;\"><\/td>\n<td><\/td>\n<td><\/td>\n<\/tr>\n<tr>\n<td style=\"border: 2px solid #000;\"><strong>CONTROL DE CALIDAD<\/strong><\/td>\n<td style=\"text-align: center; border: 2px solid #000;\" colspan=\"2\">FQT (ensayo de arrastre a 660 rpm)<\/td>\n<td style=\"text-align: center; border: 2px solid #000;\" colspan=\"2\">SST (fuerza de cizallamiento)<\/td>\n<td style=\"text-align: center; border: 2px solid #000;\" colspan=\"2\">COMPRESIBILIDAD<\/td>\n<\/tr>\n<tr>\n<td style=\"border: 2px solid #000;\"><strong>M\u00c1QUINAS ESPECIALES<\/strong><\/td>\n<td style=\"text-align: center; border: 2px solid #000;\" colspan=\"2\">Sistema de an\u00e1lisis de emisiones de polvo<\/td>\n<td style=\"text-align: center; border: 2px solid #000;\" colspan=\"2\">AT-Twist Alternate<\/td>\n<td style=\"text-align: center; border: 2px solid #000;\" colspan=\"2\">CLUTCH-Prueba de embrague<\/td>\n<\/tr>\n<tr>\n<td style=\"border: 2px solid #000;\"><strong>REVAMPING DE MAQUINARIA EXISTENTE<\/strong><\/td>\n<td style=\"text-align: center; border: 2px solid #000;\" colspan=\"2\">Electr\u00f3nica y software<\/td>\n<td style=\"text-align: center; border: 2px solid #000;\" colspan=\"2\">Mec\u00e1nica y electromec\u00e1nica<\/td>\n<td style=\"text-align: center; border: 2px solid #000;\" colspan=\"2\">Nuevas capacidades<\/td>\n<\/tr>\n<tr>\n<td style=\"border: 2px solid #000;\"><strong>PRUEBAS DE LABORATORIO PARA TERCEROS<\/strong><\/td>\n<td style=\"text-align: center; border: 2px solid #000;\" colspan=\"2\">Pruebas de homologaci\u00f3n<\/td>\n<td style=\"text-align: center; border: 2px solid #000;\" colspan=\"2\">Pruebas de rendimiento\/performance y NVH<\/td>\n<td style=\"text-align: center; border: 2px solid #000;\" colspan=\"2\">Pruebas personalizadas para I+D<\/td>\n<\/tr>\n<\/tbody>\n<\/table>\n<\/div>\n<p>[\/et_pb_text][\/et_pb_column][\/et_pb_row][et_pb_row disabled_on=\u00bboff||on\u00bb _builder_version=\u00bb4.16&#8243; z_index_tablet=\u00bb500&#8243; global_colors_info=\u00bb{}\u00bb][et_pb_column type=\u00bb4_4&#8243; _builder_version=\u00bb4.16&#8243; custom_padding=\u00bb|||\u00bb global_colors_info=\u00bb{}\u00bb custom_padding__hover=\u00bb|||\u00bb][et_pb_button button_url=\u00bb\/wp-content\/uploads\/2023\/11\/Resumen-nuestros-productos.pdf\u00bb button_text=\u00bbDescargar Resumen de nuestros productos\u00bb button_alignment=\u00bbcenter\u00bb admin_label=\u00bb!!! TABELLA MOBILE !!!\u00bb _builder_version=\u00bb4.23&#8243; custom_button=\u00bbon\u00bb button_text_size=\u00bb14px\u00bb button_bg_color=\u00bb#e61f1a\u00bb button_border_width=\u00bb8px\u00bb button_border_color=\u00bb#e61f1a\u00bb button_border_radius=\u00bb0px\u00bb button_font=\u00bb|500||on|||||\u00bb button_use_icon=\u00bboff\u00bb vertical_offset_tablet=\u00bb0&#8243; horizontal_offset_tablet=\u00bb0&#8243; background_layout=\u00bbdark\u00bb animation_style=\u00bbfade\u00bb hover_enabled=\u00bb0&#8243; z_index_tablet=\u00bb500&#8243; box_shadow_horizontal_tablet=\u00bb0px\u00bb box_shadow_vertical_tablet=\u00bb0px\u00bb box_shadow_blur_tablet=\u00bb40px\u00bb box_shadow_spread_tablet=\u00bb0px\u00bb global_colors_info=\u00bb{}\u00bb sticky_enabled=\u00bb0&#8243;][\/et_pb_button][\/et_pb_column][\/et_pb_row][\/et_pb_section][et_pb_section fb_built=\u00bb1&#8243; admin_label=\u00bbFeatured Recipe Section\u00bb _builder_version=\u00bb4.16&#8243; background_image=\u00bbhttps:\/\/www.tecsa-srl.it\/wp-content\/uploads\/2019\/03\/Tecsa-piza.jpg\u00bb custom_padding=\u00bb2%|0%|2%|0%\u00bb global_module=\u00bb5844&#8243; global_colors_info=\u00bb{}\u00bb][et_pb_row column_structure=\u00bb1_2,1_2&#8243; _builder_version=\u00bb4.16&#8243; max_width=\u00bb1080px\u00bb custom_margin=\u00bb|||\u00bb custom_padding=\u00bb|||\u00bb animation_style=\u00bbfade\u00bb global_colors_info=\u00bb{}\u00bb][et_pb_column type=\u00bb1_2&#8243; _builder_version=\u00bb4.16&#8243; custom_padding=\u00bb|||\u00bb global_colors_info=\u00bb{}\u00bb custom_padding__hover=\u00bb|||\u00bb][\/et_pb_column][et_pb_column type=\u00bb1_2&#8243; _builder_version=\u00bb4.16&#8243; background_color=\u00bbrgba(255,255,255,0.93)\u00bb custom_padding=\u00bb30px|45px|30px|45px\u00bb custom_padding_tablet=\u00bb\u00bb custom_padding_phone=\u00bb30px|30px|30px|30px\u00bb custom_padding_last_edited=\u00bbon|desktop\u00bb global_colors_info=\u00bb{}\u00bb custom_padding__hover=\u00bb|||\u00bb][et_pb_text _builder_version=\u00bb4.23&#8243; header_2_font_size=\u00bb36px\u00bb header_2_line_height=\u00bb1.3em\u00bb animation_style=\u00bbfade\u00bb header_2_font_size_tablet=\u00bb24px\u00bb header_2_font_size_phone=\u00bb\u00bb header_2_font_size_last_edited=\u00bbon|desktop\u00bb global_colors_info=\u00bb{}\u00bb]<\/p>\n<h2>Contacte con nosotros<br \/>para m\u00e1s detalles y<br \/>soluciones personalizadas<\/h2>\n<\/p>\n<p>[\/et_pb_text][et_pb_button button_url=\u00bb\/es\/contacto\/\u00bb button_text=\u00bbP\u00f3ngase en contacto con nosotros\u00bb button_alignment=\u00bbright\u00bb _builder_version=\u00bb4.23&#8243; custom_button=\u00bbon\u00bb button_text_size=\u00bb14px\u00bb button_bg_color=\u00bb#e61f1a\u00bb button_border_width=\u00bb8px\u00bb button_border_color=\u00bb#e61f1a\u00bb button_border_radius=\u00bb0px\u00bb button_font=\u00bb|500||on|||||\u00bb button_use_icon=\u00bboff\u00bb vertical_offset_tablet=\u00bb0&#8243; horizontal_offset_tablet=\u00bb0&#8243; background_layout=\u00bbdark\u00bb animation_style=\u00bbfade\u00bb z_index_tablet=\u00bb0&#8243; button_text_shadow_horizontal_length_tablet=\u00bb0px\u00bb button_text_shadow_vertical_length_tablet=\u00bb0px\u00bb button_text_shadow_blur_strength_tablet=\u00bb1px\u00bb box_shadow_horizontal_tablet=\u00bb0px\u00bb box_shadow_vertical_tablet=\u00bb0px\u00bb box_shadow_blur_tablet=\u00bb40px\u00bb box_shadow_spread_tablet=\u00bb0px\u00bb global_colors_info=\u00bb{}\u00bb][\/et_pb_button][\/et_pb_column][\/et_pb_row][\/et_pb_section]<\/p>\n","protected":false},"excerpt":{"rendered":"<p>Resumen de productosEsta descripci\u00f3n general explica las capacidades de nuestras m\u00e1quinas y sus campos de aplicaci\u00f3n. Analizando las caracter\u00edsticas de los ensayos a realizar, las categor\u00edas de veh\u00edculos y los distintos tipos de montaje de frenos, podr\u00e1 identificar la m\u00e1quina m\u00e1s adecuada a sus necesidades. Estaremos encantados de tratar todas sus preguntas con m\u00e1s detalle. [&hellip;]<\/p>\n","protected":false},"author":1,"featured_media":0,"parent":0,"menu_order":0,"comment_status":"closed","ping_status":"closed","template":"","meta":{"_et_pb_use_builder":"on","_et_pb_old_content":"","_et_gb_content_width":"","footnotes":""},"class_list":["post-5891","page","type-page","status-publish","hentry"],"yoast_head":"<!-- This site is optimized with the Yoast SEO plugin v27.4 - https:\/\/yoast.com\/product\/yoast-seo-wordpress\/ -->\n<title>Resumen de productos - TecSA prove su impianti frenanti<\/title>\n<meta name=\"description\" content=\"Analizando las caracter\u00edsticas de los ensayos a realizar, las categor\u00edas de veh\u00edculos y los distintos tipos de montaje de frenos, podr\u00e1 identificar la m\u00e1quina m\u00e1s adecuada a sus necesidades.\" \/>\n<meta name=\"robots\" content=\"index, follow, max-snippet:-1, max-image-preview:large, max-video-preview:-1\" \/>\n<link rel=\"canonical\" href=\"https:\/\/www.tecsa-srl.it\/es\/resumen-productos\/\" \/>\n<meta property=\"og:locale\" content=\"es_ES\" \/>\n<meta property=\"og:type\" content=\"article\" \/>\n<meta property=\"og:title\" content=\"Resumen de productos - TecSA prove su impianti frenanti\" \/>\n<meta property=\"og:description\" content=\"Analizando las caracter\u00edsticas de los ensayos a realizar, las categor\u00edas de veh\u00edculos y los distintos tipos de montaje de frenos, podr\u00e1 identificar la m\u00e1quina m\u00e1s adecuada a sus necesidades.\" \/>\n<meta property=\"og:url\" content=\"https:\/\/www.tecsa-srl.it\/es\/resumen-productos\/\" \/>\n<meta property=\"og:site_name\" content=\"TecSA prove su impianti frenanti\" \/>\n<meta property=\"article:modified_time\" content=\"2023-11-09T09:27:07+00:00\" \/>\n<meta name=\"twitter:card\" content=\"summary_large_image\" \/>\n<meta name=\"twitter:label1\" content=\"Tiempo de lectura\" \/>\n\t<meta name=\"twitter:data1\" content=\"6 minutos\" \/>\n<script type=\"application\/ld+json\" class=\"yoast-schema-graph\">{\"@context\":\"https:\\\/\\\/schema.org\",\"@graph\":[{\"@type\":\"WebPage\",\"@id\":\"https:\\\/\\\/www.tecsa-srl.it\\\/es\\\/resumen-productos\\\/\",\"url\":\"https:\\\/\\\/www.tecsa-srl.it\\\/es\\\/resumen-productos\\\/\",\"name\":\"Resumen de productos - TecSA prove su impianti frenanti\",\"isPartOf\":{\"@id\":\"https:\\\/\\\/www.tecsa-srl.it\\\/#website\"},\"datePublished\":\"2019-03-01T11:21:27+00:00\",\"dateModified\":\"2023-11-09T09:27:07+00:00\",\"description\":\"Analizando las caracter\u00edsticas de los ensayos a realizar, las categor\u00edas de veh\u00edculos y los distintos tipos de montaje de frenos, podr\u00e1 identificar la m\u00e1quina m\u00e1s adecuada a sus necesidades.\",\"breadcrumb\":{\"@id\":\"https:\\\/\\\/www.tecsa-srl.it\\\/es\\\/resumen-productos\\\/#breadcrumb\"},\"inLanguage\":\"es\",\"potentialAction\":[{\"@type\":\"ReadAction\",\"target\":[\"https:\\\/\\\/www.tecsa-srl.it\\\/es\\\/resumen-productos\\\/\"]}]},{\"@type\":\"BreadcrumbList\",\"@id\":\"https:\\\/\\\/www.tecsa-srl.it\\\/es\\\/resumen-productos\\\/#breadcrumb\",\"itemListElement\":[{\"@type\":\"ListItem\",\"position\":1,\"name\":\"Home\",\"item\":\"https:\\\/\\\/www.tecsa-srl.it\\\/es\\\/\"},{\"@type\":\"ListItem\",\"position\":2,\"name\":\"Resumen de productos\"}]},{\"@type\":\"WebSite\",\"@id\":\"https:\\\/\\\/www.tecsa-srl.it\\\/#website\",\"url\":\"https:\\\/\\\/www.tecsa-srl.it\\\/\",\"name\":\"TecSA prove su impianti frenanti\",\"description\":\"dinamometri - Friction Quality Test- Shear Strength Test - compressibilit\u00e0 - torsione alterna\",\"potentialAction\":[{\"@type\":\"SearchAction\",\"target\":{\"@type\":\"EntryPoint\",\"urlTemplate\":\"https:\\\/\\\/www.tecsa-srl.it\\\/?s={search_term_string}\"},\"query-input\":{\"@type\":\"PropertyValueSpecification\",\"valueRequired\":true,\"valueName\":\"search_term_string\"}}],\"inLanguage\":\"es\"}]}<\/script>\n<!-- \/ Yoast SEO plugin. -->","yoast_head_json":{"title":"Resumen de productos - TecSA prove su impianti frenanti","description":"Analizando las caracter\u00edsticas de los ensayos a realizar, las categor\u00edas de veh\u00edculos y los distintos tipos de montaje de frenos, podr\u00e1 identificar la m\u00e1quina m\u00e1s adecuada a sus necesidades.","robots":{"index":"index","follow":"follow","max-snippet":"max-snippet:-1","max-image-preview":"max-image-preview:large","max-video-preview":"max-video-preview:-1"},"canonical":"https:\/\/www.tecsa-srl.it\/es\/resumen-productos\/","og_locale":"es_ES","og_type":"article","og_title":"Resumen de productos - TecSA prove su impianti frenanti","og_description":"Analizando las caracter\u00edsticas de los ensayos a realizar, las categor\u00edas de veh\u00edculos y los distintos tipos de montaje de frenos, podr\u00e1 identificar la m\u00e1quina m\u00e1s adecuada a sus necesidades.","og_url":"https:\/\/www.tecsa-srl.it\/es\/resumen-productos\/","og_site_name":"TecSA prove su impianti frenanti","article_modified_time":"2023-11-09T09:27:07+00:00","twitter_card":"summary_large_image","twitter_misc":{"Tiempo de lectura":"6 minutos"},"schema":{"@context":"https:\/\/schema.org","@graph":[{"@type":"WebPage","@id":"https:\/\/www.tecsa-srl.it\/es\/resumen-productos\/","url":"https:\/\/www.tecsa-srl.it\/es\/resumen-productos\/","name":"Resumen de productos - TecSA prove su impianti frenanti","isPartOf":{"@id":"https:\/\/www.tecsa-srl.it\/#website"},"datePublished":"2019-03-01T11:21:27+00:00","dateModified":"2023-11-09T09:27:07+00:00","description":"Analizando las caracter\u00edsticas de los ensayos a realizar, las categor\u00edas de veh\u00edculos y los distintos tipos de montaje de frenos, podr\u00e1 identificar la m\u00e1quina m\u00e1s adecuada a sus necesidades.","breadcrumb":{"@id":"https:\/\/www.tecsa-srl.it\/es\/resumen-productos\/#breadcrumb"},"inLanguage":"es","potentialAction":[{"@type":"ReadAction","target":["https:\/\/www.tecsa-srl.it\/es\/resumen-productos\/"]}]},{"@type":"BreadcrumbList","@id":"https:\/\/www.tecsa-srl.it\/es\/resumen-productos\/#breadcrumb","itemListElement":[{"@type":"ListItem","position":1,"name":"Home","item":"https:\/\/www.tecsa-srl.it\/es\/"},{"@type":"ListItem","position":2,"name":"Resumen de productos"}]},{"@type":"WebSite","@id":"https:\/\/www.tecsa-srl.it\/#website","url":"https:\/\/www.tecsa-srl.it\/","name":"TecSA prove su impianti frenanti","description":"dinamometri - Friction Quality Test- Shear Strength Test - compressibilit\u00e0 - torsione alterna","potentialAction":[{"@type":"SearchAction","target":{"@type":"EntryPoint","urlTemplate":"https:\/\/www.tecsa-srl.it\/?s={search_term_string}"},"query-input":{"@type":"PropertyValueSpecification","valueRequired":true,"valueName":"search_term_string"}}],"inLanguage":"es"}]}},"_links":{"self":[{"href":"https:\/\/www.tecsa-srl.it\/es\/wp-json\/wp\/v2\/pages\/5891","targetHints":{"allow":["GET"]}}],"collection":[{"href":"https:\/\/www.tecsa-srl.it\/es\/wp-json\/wp\/v2\/pages"}],"about":[{"href":"https:\/\/www.tecsa-srl.it\/es\/wp-json\/wp\/v2\/types\/page"}],"author":[{"embeddable":true,"href":"https:\/\/www.tecsa-srl.it\/es\/wp-json\/wp\/v2\/users\/1"}],"replies":[{"embeddable":true,"href":"https:\/\/www.tecsa-srl.it\/es\/wp-json\/wp\/v2\/comments?post=5891"}],"version-history":[{"count":3,"href":"https:\/\/www.tecsa-srl.it\/es\/wp-json\/wp\/v2\/pages\/5891\/revisions"}],"predecessor-version":[{"id":5902,"href":"https:\/\/www.tecsa-srl.it\/es\/wp-json\/wp\/v2\/pages\/5891\/revisions\/5902"}],"wp:attachment":[{"href":"https:\/\/www.tecsa-srl.it\/es\/wp-json\/wp\/v2\/media?parent=5891"}],"curies":[{"name":"wp","href":"https:\/\/api.w.org\/{rel}","templated":true}]}}