{"id":5868,"date":"2018-12-13T22:17:29","date_gmt":"2018-12-13T21:17:29","guid":{"rendered":"https:\/\/www.tecsa-srl.it\/truck-test-bench-2200\/"},"modified":"2023-11-08T15:03:32","modified_gmt":"2023-11-08T14:03:32","slug":"dinamometro-camiones-2200","status":"publish","type":"page","link":"https:\/\/www.tecsa-srl.it\/es\/dinamometro-camiones-2200\/","title":{"rendered":"TT 2200"},"content":{"rendered":"<p>[et_pb_section fb_built=\u00bb1&#8243; module_class=\u00bbsection-info\u00bb _builder_version=\u00bb4.16&#8243; background_color=\u00bb#060504&#8243; global_colors_info=\u00bb{}\u00bb][et_pb_row _builder_version=\u00bb4.16&#8243; background_size=\u00bbinitial\u00bb background_position=\u00bbtop_left\u00bb background_repeat=\u00bbrepeat\u00bb global_colors_info=\u00bb{}\u00bb column_structure=\u00bb3_5,2_5&#8243;][et_pb_column type=\u00bb3_5&#8243; _builder_version=\u00bb4.16&#8243; custom_padding=\u00bb|||\u00bb global_colors_info=\u00bb{}\u00bb custom_padding__hover=\u00bb|||\u00bb][et_pb_gallery gallery_ids=\u00bb716,1250,714,1243&#8243; fullwidth=\u00bbon\u00bb _builder_version=\u00bb4.16&#8243; vertical_offset_tablet=\u00bb0&#8243; horizontal_offset_tablet=\u00bb0&#8243; auto=\u00bbon\u00bb auto_speed=\u00bb3000&#8243; z_index_tablet=\u00bb0&#8243; title_text_shadow_horizontal_length_tablet=\u00bb0px\u00bb title_text_shadow_vertical_length_tablet=\u00bb0px\u00bb title_text_shadow_blur_strength_tablet=\u00bb1px\u00bb caption_text_shadow_horizontal_length_tablet=\u00bb0px\u00bb caption_text_shadow_vertical_length_tablet=\u00bb0px\u00bb caption_text_shadow_blur_strength_tablet=\u00bb1px\u00bb pagination_text_shadow_horizontal_length_tablet=\u00bb0px\u00bb pagination_text_shadow_vertical_length_tablet=\u00bb0px\u00bb pagination_text_shadow_blur_strength_tablet=\u00bb1px\u00bb box_shadow_horizontal_tablet=\u00bb0px\u00bb box_shadow_vertical_tablet=\u00bb0px\u00bb box_shadow_blur_tablet=\u00bb40px\u00bb box_shadow_spread_tablet=\u00bb0px\u00bb box_shadow_horizontal_image_tablet=\u00bb0px\u00bb box_shadow_vertical_image_tablet=\u00bb0px\u00bb box_shadow_blur_image_tablet=\u00bb40px\u00bb box_shadow_spread_image_tablet=\u00bb0px\u00bb text_shadow_horizontal_length_tablet=\u00bb0px\u00bb text_shadow_vertical_length_tablet=\u00bb0px\u00bb text_shadow_blur_strength_tablet=\u00bb1px\u00bb global_colors_info=\u00bb{}\u00bb][\/et_pb_gallery][et_pb_tabs _builder_version=\u00bb4.23&#8243; hover_enabled=\u00bb0&#8243; global_colors_info=\u00bb{}\u00bb sticky_enabled=\u00bb0&#8243;][et_pb_tab title=\u00bbCaracter\u00edsticas t\u00e9cnicas\u00bb _builder_version=\u00bb4.23&#8243; hover_enabled=\u00bb0&#8243; global_colors_info=\u00bb{}\u00bb sticky_enabled=\u00bb0&#8243;]<\/p>\n<ul>\n<li>Motor CC: 444 kW<\/li>\n<li>Momento m\u00e1ximo de frenado: 40000 Nm<\/li>\n<li>Presi\u00f3n neum\u00e1tica m\u00e1xima: 15 bar<\/li>\n<li>Velocidad m\u00e1xima: 1500 rpm<\/li>\n<li>Tres volantes de inercia de libre combinaci\u00f3n: 300-600-1200 kgm\u00b2<\/li>\n<li>Rango de inercia: 30-2500 kgm\u00b2<\/li>\n<li>Simulaci\u00f3n de inercia<\/li>\n<li>Ventilaci\u00f3n modulada: m\u00e1x. 8000 m\u00b3\/h<\/li>\n<\/ul>\n<p>[\/et_pb_tab][et_pb_tab title=\u00bbOpciones\u00bb _builder_version=\u00bb4.23&#8243; hover_enabled=\u00bb0&#8243; global_colors_info=\u00bb{}\u00bb sticky_enabled=\u00bb0&#8243;]<\/p>\n<ul>\n<li>Conjunto de eje y junta homocin\u00e9tica<\/li>\n<li>Frenos hidr\u00e1ulicos: 200 bar<\/li>\n<li>Fricci\u00f3n est\u00e1tica: m\u00e1x. 40.000 Nm, 5 rpm<\/li>\n<li>Adquisici\u00f3n de ruido (nivel equivalente)<\/li>\n<li>Mediciones de absorci\u00f3n<\/li>\n<li>Medici\u00f3n de la carrera del actuador del freno<\/li>\n<li>DTV (Disc Thickness Variation)<\/li>\n<\/ul>\n<p>[\/et_pb_tab][et_pb_tab title=\u00bbMontaje de freno\u00bb _builder_version=\u00bb4.23&#8243; hover_enabled=\u00bb0&#8243; global_colors_info=\u00bb{}\u00bb sticky_enabled=\u00bb0&#8243;]<\/p>\n\n\t\t<style type=\"text\/css\">\n\t\t\t#gallery-1 {\n\t\t\t\tmargin: auto;\n\t\t\t}\n\t\t\t#gallery-1 .gallery-item {\n\t\t\t\tfloat: left;\n\t\t\t\tmargin-top: 10px;\n\t\t\t\ttext-align: center;\n\t\t\t\twidth: 33%;\n\t\t\t}\n\t\t\t#gallery-1 img {\n\t\t\t\tborder: 2px solid #cfcfcf;\n\t\t\t}\n\t\t\t#gallery-1 .gallery-caption {\n\t\t\t\tmargin-left: 0;\n\t\t\t}\n\t\t\t\/* see gallery_shortcode() in wp-includes\/media.php *\/\n\t\t<\/style>\n\t\t<div id='gallery-1' class='gallery galleryid-5868 gallery-columns-3 gallery-size-medium'><dl class='gallery-item'>\n\t\t\t<dt class='gallery-icon landscape'>\n\t\t\t\t<img loading=\"lazy\" decoding=\"async\" width=\"300\" height=\"240\" src=\"https:\/\/www.tecsa-srl.it\/wp-content\/uploads\/2019\/04\/Montaggio-semplice-camion-300x240.jpg\" class=\"attachment-medium size-medium\" alt=\"\" aria-describedby=\"gallery-1-4770\" srcset=\"https:\/\/www.tecsa-srl.it\/wp-content\/uploads\/2019\/04\/Montaggio-semplice-camion-300x240.jpg 300w, https:\/\/www.tecsa-srl.it\/wp-content\/uploads\/2019\/04\/Montaggio-semplice-camion.jpg 625w\" sizes=\"(max-width: 300px) 100vw, 300px\" \/>\n\t\t\t<\/dt>\n\t\t\t\t<dd class='wp-caption-text gallery-caption' id='gallery-1-4770'>\n\t\t\t\tMontaje simple (cami\u00f3n)\n\t\t\t\t<\/dd><\/dl><dl class='gallery-item'>\n\t\t\t<dt class='gallery-icon landscape'>\n\t\t\t\t<img loading=\"lazy\" decoding=\"async\" width=\"300\" height=\"225\" src=\"https:\/\/www.tecsa-srl.it\/wp-content\/uploads\/2019\/04\/Montaggio-assale-camion-300x225.jpg\" class=\"attachment-medium size-medium\" alt=\"\" aria-describedby=\"gallery-1-4771\" srcset=\"https:\/\/www.tecsa-srl.it\/wp-content\/uploads\/2019\/04\/Montaggio-assale-camion-300x225.jpg 300w, https:\/\/www.tecsa-srl.it\/wp-content\/uploads\/2019\/04\/Montaggio-assale-camion-510x382.jpg 510w, https:\/\/www.tecsa-srl.it\/wp-content\/uploads\/2019\/04\/Montaggio-assale-camion.jpg 667w\" sizes=\"(max-width: 300px) 100vw, 300px\" \/>\n\t\t\t<\/dt>\n\t\t\t\t<dd class='wp-caption-text gallery-caption' id='gallery-1-4771'>\n\t\t\t\tMontaje del eje (cami\u00f3n)\n\t\t\t\t<\/dd><\/dl><dl class='gallery-item'>\n\t\t\t<dt class='gallery-icon landscape'>\n\t\t\t\t<img loading=\"lazy\" decoding=\"async\" width=\"300\" height=\"198\" src=\"https:\/\/www.tecsa-srl.it\/wp-content\/uploads\/2019\/04\/Montaggio-mozzo-ruota-camion-300x198.jpg\" class=\"attachment-medium size-medium\" alt=\"\" aria-describedby=\"gallery-1-4772\" srcset=\"https:\/\/www.tecsa-srl.it\/wp-content\/uploads\/2019\/04\/Montaggio-mozzo-ruota-camion-300x198.jpg 300w, https:\/\/www.tecsa-srl.it\/wp-content\/uploads\/2019\/04\/Montaggio-mozzo-ruota-camion.jpg 759w\" sizes=\"(max-width: 300px) 100vw, 300px\" \/>\n\t\t\t<\/dt>\n\t\t\t\t<dd class='wp-caption-text gallery-caption' id='gallery-1-4772'>\n\t\t\t\tConjunto de cubo de rueda (cami\u00f3n)\n\t\t\t\t<\/dd><\/dl><br style=\"clear: both\" \/>\n\t\t<\/div>\n\n<p>[\/et_pb_tab][\/et_pb_tabs][\/et_pb_column][et_pb_column type=\u00bb2_5&#8243; _builder_version=\u00bb4.16&#8243; custom_padding=\u00bb|||\u00bb global_colors_info=\u00bb{}\u00bb custom_padding__hover=\u00bb|||\u00bb][et_pb_text admin_label=\u00bbTitolo e Testo\u00bb _builder_version=\u00bb4.23&#8243; vertical_offset_tablet=\u00bb0&#8243; horizontal_offset_tablet=\u00bb0&#8243; hover_enabled=\u00bb0&#8243; z_index_tablet=\u00bb500&#8243; box_shadow_horizontal_tablet=\u00bb0px\u00bb box_shadow_vertical_tablet=\u00bb0px\u00bb box_shadow_blur_tablet=\u00bb40px\u00bb box_shadow_spread_tablet=\u00bb0px\u00bb global_colors_info=\u00bb{}\u00bb sticky_enabled=\u00bb0&#8243;]<\/p>\n<h3 class=\"header\">TT 2200<\/h3>\n<h1 class=\"subheader\">Dinam\u00f3metro para el sector de camiones<\/h1>\n<ul>\n<li>Ensayos de rendimiento\/performance de frenos: veh\u00edculos comerciales ligeros y pesados<br \/>\n<img loading=\"lazy\" decoding=\"async\" src=\"https:\/\/www.tecsa-srl.it\/wp-content\/uploads\/2019\/04\/prove-freni-mezzi-pesanti-icon.png\" alt=\"Ensayos de rendimiento de frenos veh\u00edculos comerciales\" width=\"536\" height=\"32\" class=\"aligncenter size-full wp-image-1498\" srcset=\"https:\/\/www.tecsa-srl.it\/wp-content\/uploads\/2019\/04\/prove-freni-mezzi-pesanti-icon.png 536w, https:\/\/www.tecsa-srl.it\/wp-content\/uploads\/2019\/04\/prove-freni-mezzi-pesanti-icon-300x18.png 300w\" sizes=\"(max-width: 536px) 100vw, 536px\" \/><\/li>\n<\/ul>\n<p style=\"text-align: center;\"><a class=\"more-link\" href=\"https:\/\/www.tecsa-srl.it\/wp-content\/uploads\/2019\/05\/BrochureTecSA2019-TT-TR.pdf\" title=\"Dinam\u00f3metro camiones TT 2200 - Brochure\" target=\"_blank\" rel=\"noopener noreferrer\">Descargar<\/a><\/p>\n<p>[\/et_pb_text][\/et_pb_column][\/et_pb_row][\/et_pb_section][et_pb_section fb_built=\u00bb1&#8243; admin_label=\u00bbFeatured Recipe Section\u00bb _builder_version=\u00bb4.16&#8243; background_image=\u00bbhttps:\/\/www.tecsa-srl.it\/wp-content\/uploads\/2019\/03\/Tecsa-piza.jpg\u00bb custom_padding=\u00bb2%|0%|2%|0%\u00bb global_colors_info=\u00bb{}\u00bb global_module=\u00bb5844&#8243; theme_builder_area=\u00bbpost_content\u00bb][et_pb_row column_structure=\u00bb1_2,1_2&#8243; _builder_version=\u00bb4.16&#8243; max_width=\u00bb1080px\u00bb custom_margin=\u00bb|||\u00bb custom_padding=\u00bb|||\u00bb animation_style=\u00bbfade\u00bb global_colors_info=\u00bb{}\u00bb theme_builder_area=\u00bbpost_content\u00bb][et_pb_column type=\u00bb1_2&#8243; _builder_version=\u00bb4.16&#8243; custom_padding=\u00bb|||\u00bb global_colors_info=\u00bb{}\u00bb custom_padding__hover=\u00bb|||\u00bb theme_builder_area=\u00bbpost_content\u00bb][\/et_pb_column][et_pb_column type=\u00bb1_2&#8243; _builder_version=\u00bb4.16&#8243; background_color=\u00bbrgba(255,255,255,0.93)\u00bb custom_padding=\u00bb30px|45px|30px|45px\u00bb custom_padding_tablet=\u00bb\u00bb custom_padding_phone=\u00bb30px|30px|30px|30px\u00bb custom_padding_last_edited=\u00bbon|desktop\u00bb global_colors_info=\u00bb{}\u00bb custom_padding__hover=\u00bb|||\u00bb theme_builder_area=\u00bbpost_content\u00bb][et_pb_text _builder_version=\u00bb4.23&#8243; header_2_font_size=\u00bb36px\u00bb header_2_line_height=\u00bb1.3em\u00bb animation_style=\u00bbfade\u00bb header_2_font_size_tablet=\u00bb24px\u00bb header_2_font_size_phone=\u00bb\u00bb header_2_font_size_last_edited=\u00bbon|desktop\u00bb global_colors_info=\u00bb{}\u00bb theme_builder_area=\u00bbpost_content\u00bb]<\/p>\n<h2>Cont\u00e1ctenos<br \/>para m\u00e1s detalles y<br \/>soluciones personalizadas<\/h2>\n<\/p>\n<p>[\/et_pb_text][et_pb_button button_url=\u00bb\/es\/contacto\/\u00bb button_text=\u00bbCont\u00e1ctenos\u00bb button_alignment=\u00bbright\u00bb _builder_version=\u00bb4.23&#8243; custom_button=\u00bbon\u00bb button_text_size=\u00bb14px\u00bb button_bg_color=\u00bb#e61f1a\u00bb button_border_width=\u00bb8px\u00bb button_border_color=\u00bb#e61f1a\u00bb button_border_radius=\u00bb0px\u00bb button_font=\u00bb|500||on|||||\u00bb button_use_icon=\u00bboff\u00bb vertical_offset_tablet=\u00bb0&#8243; horizontal_offset_tablet=\u00bb0&#8243; background_layout=\u00bbdark\u00bb animation_style=\u00bbfade\u00bb z_index_tablet=\u00bb0&#8243; button_text_shadow_horizontal_length_tablet=\u00bb0px\u00bb button_text_shadow_vertical_length_tablet=\u00bb0px\u00bb button_text_shadow_blur_strength_tablet=\u00bb1px\u00bb box_shadow_horizontal_tablet=\u00bb0px\u00bb box_shadow_vertical_tablet=\u00bb0px\u00bb box_shadow_blur_tablet=\u00bb40px\u00bb box_shadow_spread_tablet=\u00bb0px\u00bb global_colors_info=\u00bb{}\u00bb theme_builder_area=\u00bbpost_content\u00bb][\/et_pb_button][\/et_pb_column][\/et_pb_row][\/et_pb_section][et_pb_section fb_built=\u00bb1&#8243; module_class=\u00bbsection-products\u00bb _builder_version=\u00bb4.16&#8243; global_colors_info=\u00bb{}\u00bb global_module=\u00bb5845&#8243; theme_builder_area=\u00bbpost_content\u00bb][et_pb_row _builder_version=\u00bb4.16&#8243; background_size=\u00bbinitial\u00bb background_position=\u00bbtop_left\u00bb background_repeat=\u00bbrepeat\u00bb max_width=\u00bb1080px\u00bb global_colors_info=\u00bb{}\u00bb theme_builder_area=\u00bbpost_content\u00bb][et_pb_column type=\u00bb4_4&#8243; _builder_version=\u00bb4.16&#8243; custom_padding=\u00bb|||\u00bb global_colors_info=\u00bb{}\u00bb custom_padding__hover=\u00bb|||\u00bb theme_builder_area=\u00bbpost_content\u00bb][et_pb_text admin_label=\u00bbScopri tutti i nostri prodotti\u00bb _builder_version=\u00bb4.23&#8243; global_colors_info=\u00bb{}\u00bb theme_builder_area=\u00bbpost_content\u00bb]<\/p>\n<h2>Descubre todos nuestros productos<\/h2>\n<p>[\/et_pb_text][et_pb_code _builder_version=\u00bb4.22.1&#8243; vertical_offset_tablet=\u00bb0&#8243; horizontal_offset_tablet=\u00bb0&#8243; z_index_tablet=\u00bb0&#8243; box_shadow_horizontal_tablet=\u00bb0px\u00bb box_shadow_vertical_tablet=\u00bb0px\u00bb box_shadow_blur_tablet=\u00bb40px\u00bb box_shadow_spread_tablet=\u00bb0px\u00bb global_colors_info=\u00bb{}\u00bb theme_builder_area=\u00bbpost_content\u00bb]<\/p>\n<div class=\"block-products\"><!-- [et_pb_line_break_holder] -->    <\/p>\n<div class=\"item\"><!-- [et_pb_line_break_holder] -->        <a href=\"https:\/\/www.tecsa-srl.it\/friction-quality-test-1200\/\"><!-- [et_pb_line_break_holder] -->            <img decoding=\"async\" src=\"\/wp-content\/uploads\/2019\/03\/prod_FQT1200.jpg\" alt=\"Macchina controllo qualit\u00e0 freni FQT 1200 TecSA\" \/><!-- [et_pb_line_break_holder] -->            <\/p>\n<h3>FQT 1200<\/h3>\n<p><!-- [et_pb_line_break_holder] -->        <\/a><!-- [et_pb_line_break_holder] -->    <\/div>\n<div class=\"item\"><!-- [et_pb_line_break_holder] -->        <a href=\"https:\/\/www.tecsa-srl.it\/friction-quality-test-2000\/\"><!-- [et_pb_line_break_holder] -->            <img decoding=\"async\" src=\"\/wp-content\/uploads\/2019\/03\/prod_FQT2000.jpg\" alt=\"Macchina controllo qualit\u00e0 freni FQT 2000 TecSA\" \/><!-- [et_pb_line_break_holder] -->            <\/p>\n<h3>FQT 2000<\/h3>\n<p><!-- [et_pb_line_break_holder] -->        <\/a><!-- [et_pb_line_break_holder] -->    <\/div>\n<div class=\"item\"><!-- [et_pb_line_break_holder] -->        <a href=\"https:\/\/www.tecsa-srl.it\/es\/shear-strenght-test-machine\/\"><!-- [et_pb_line_break_holder] -->            <img decoding=\"async\" src=\"\/wp-content\/uploads\/2019\/03\/prod_SST.jpg\" alt=\"Macchin stacco pastiglie SST TecSA\" \/><!-- [et_pb_line_break_holder] -->            <\/p>\n<h3>SST<\/h3>\n<p><!-- [et_pb_line_break_holder] -->        <\/a><!-- [et_pb_line_break_holder] -->    <\/div>\n<div class=\"item\"><!-- [et_pb_line_break_holder] -->        <a href=\"https:\/\/www.tecsa-srl.it\/es\/dinamometro-tc100\/\"><!-- [et_pb_line_break_holder] -->            <img decoding=\"async\" src=\"\/wp-content\/uploads\/2023\/09\/tc100_product.jpg\" alt=\"Dinamometro un volano TC 100 TecSA\" \/><!-- [et_pb_line_break_holder] -->            <\/p>\n<h3>TC 100<\/h3>\n<p><!-- [et_pb_line_break_holder] -->        <\/a><!-- [et_pb_line_break_holder] -->    <\/div>\n<p><!-- [et_pb_line_break_holder] --><\/p>\n<div class=\"item\"><!-- [et_pb_line_break_holder] -->        <a href=\"https:\/\/www.tecsa-srl.it\/car-test-bench-225\/\"><!-- [et_pb_line_break_holder] -->            <img decoding=\"async\" src=\"\/wp-content\/uploads\/2019\/03\/prod_TC225.jpg\" alt=\"Dinamometro test auto altissime prestazioni TecSA\" \/><!-- [et_pb_line_break_holder] -->            <\/p>\n<h3>TC 225<\/h3>\n<p><!-- [et_pb_line_break_holder] -->        <\/a><!-- [et_pb_line_break_holder] -->    <\/div>\n<p><!-- [et_pb_line_break_holder] --><\/p>\n<div class=\"item\"><!-- [et_pb_line_break_holder] -->        <a href=\"https:\/\/www.tecsa-srl.it\/truck-test-bench-2200\/\"><!-- [et_pb_line_break_holder] -->            <img decoding=\"async\" src=\"\/wp-content\/uploads\/2019\/03\/prod_TT2200.jpg\" alt=\"Dinamometro Prove performance freni camion TecSA\" \/><!-- [et_pb_line_break_holder] -->            <\/p>\n<h3>TT 2200<\/h3>\n<p><!-- [et_pb_line_break_holder] -->        <\/a><!-- [et_pb_line_break_holder] -->    <\/div>\n<p><!-- [et_pb_line_break_holder] --><\/p>\n<div class=\"item\"><!-- [et_pb_line_break_holder] -->        <a href=\"https:\/\/www.tecsa-srl.it\/truck-railways-2600\/\"><!-- [et_pb_line_break_holder] -->            <img decoding=\"async\" src=\"\/wp-content\/uploads\/2019\/03\/prod_TR2600.jpg\" alt=\"Dinamometro treni e\/o camion TecSA\" \/><!-- [et_pb_line_break_holder] -->            <\/p>\n<h3>TR 2600<\/h3>\n<p><!-- [et_pb_line_break_holder] -->        <\/a><!-- [et_pb_line_break_holder] -->    <\/div>\n<p><!-- [et_pb_line_break_holder] --><\/p>\n<div class=\"item\"><!-- [et_pb_line_break_holder] -->        <a href=\"https:\/\/www.tecsa-srl.it\/es\/high-speed-railways-brake-dynamometer-2\/\"><!-- [et_pb_line_break_holder] -->            <img decoding=\"async\" src=\"\/wp-content\/uploads\/2019\/03\/prod_HSR.jpg\" alt=\"Dinamometro prove performance freni treni TecSA\" \/><!-- [et_pb_line_break_holder] -->            <\/p>\n<h3>HSR<\/h3>\n<p><!-- [et_pb_line_break_holder] -->        <\/a><!-- [et_pb_line_break_holder] -->    <\/div>\n<p><!-- [et_pb_line_break_holder] --><\/div>\n<p>[\/et_pb_code][\/et_pb_column][\/et_pb_row][\/et_pb_section]<\/p>\n","protected":false},"excerpt":{"rendered":"<p>Motor CC: 444 kW Momento m\u00e1ximo de frenado: 40000 Nm Presi\u00f3n neum\u00e1tica m\u00e1xima: 15 bar Velocidad m\u00e1xima: 1500 rpm Tres volantes de inercia de libre combinaci\u00f3n: 300-600-1200 kgm\u00b2 Rango de inercia: 30-2500 kgm\u00b2 Simulaci\u00f3n de inercia Ventilaci\u00f3n modulada: m\u00e1x. 8000 m\u00b3\/h Conjunto de eje y junta homocin\u00e9tica Frenos hidr\u00e1ulicos: 200 bar Fricci\u00f3n est\u00e1tica: m\u00e1x. 40.000 [&hellip;]<\/p>\n","protected":false},"author":1,"featured_media":4627,"parent":0,"menu_order":0,"comment_status":"closed","ping_status":"closed","template":"","meta":{"_et_pb_use_builder":"on","_et_pb_old_content":"","_et_gb_content_width":"","footnotes":""},"class_list":["post-5868","page","type-page","status-publish","has-post-thumbnail","hentry"],"yoast_head":"<!-- This site is optimized with the Yoast SEO plugin v27.5 - https:\/\/yoast.com\/product\/yoast-seo-wordpress\/ -->\n<title>Dinam\u00f3metro para el sector de camiones TT 2200<\/title>\n<meta name=\"description\" content=\"Dinam\u00f3metro para el sector de camiones. Ensayos de rendimiento\/performance de frenos: veh\u00edculos comerciales ligeros y pesados.\" \/>\n<meta name=\"robots\" content=\"index, follow, max-snippet:-1, max-image-preview:large, max-video-preview:-1\" \/>\n<link rel=\"canonical\" href=\"https:\/\/www.tecsa-srl.it\/es\/dinamometro-camiones-2200\/\" \/>\n<meta property=\"og:locale\" content=\"es_ES\" \/>\n<meta property=\"og:type\" content=\"article\" \/>\n<meta property=\"og:title\" content=\"Dinam\u00f3metro para el sector de camiones TT 2200\" \/>\n<meta property=\"og:description\" content=\"Dinam\u00f3metro para el sector de camiones. Ensayos de rendimiento\/performance de frenos: veh\u00edculos comerciales ligeros y pesados.\" \/>\n<meta property=\"og:url\" content=\"https:\/\/www.tecsa-srl.it\/es\/dinamometro-camiones-2200\/\" \/>\n<meta property=\"og:site_name\" content=\"TecSA prove su impianti frenanti\" \/>\n<meta property=\"article:modified_time\" content=\"2023-11-08T14:03:32+00:00\" \/>\n<meta property=\"og:image\" content=\"https:\/\/www.tecsa-srl.it\/wp-content\/uploads\/2019\/02\/TRUCK-TEST-BENCH.jpg\" \/>\n\t<meta property=\"og:image:width\" content=\"1400\" \/>\n\t<meta property=\"og:image:height\" content=\"788\" \/>\n\t<meta property=\"og:image:type\" content=\"image\/jpeg\" \/>\n<meta name=\"twitter:card\" content=\"summary_large_image\" \/>\n<meta name=\"twitter:label1\" content=\"Tiempo de lectura\" \/>\n\t<meta name=\"twitter:data1\" content=\"5 minutos\" \/>\n<script type=\"application\/ld+json\" class=\"yoast-schema-graph\">{\"@context\":\"https:\\\/\\\/schema.org\",\"@graph\":[{\"@type\":\"WebPage\",\"@id\":\"https:\\\/\\\/www.tecsa-srl.it\\\/es\\\/dinamometro-camiones-2200\\\/\",\"url\":\"https:\\\/\\\/www.tecsa-srl.it\\\/es\\\/dinamometro-camiones-2200\\\/\",\"name\":\"Dinam\u00f3metro para el sector de camiones TT 2200\",\"isPartOf\":{\"@id\":\"https:\\\/\\\/www.tecsa-srl.it\\\/#website\"},\"primaryImageOfPage\":{\"@id\":\"https:\\\/\\\/www.tecsa-srl.it\\\/es\\\/dinamometro-camiones-2200\\\/#primaryimage\"},\"image\":{\"@id\":\"https:\\\/\\\/www.tecsa-srl.it\\\/es\\\/dinamometro-camiones-2200\\\/#primaryimage\"},\"thumbnailUrl\":\"https:\\\/\\\/www.tecsa-srl.it\\\/wp-content\\\/uploads\\\/2019\\\/02\\\/TRUCK-TEST-BENCH.jpg\",\"datePublished\":\"2018-12-13T21:17:29+00:00\",\"dateModified\":\"2023-11-08T14:03:32+00:00\",\"description\":\"Dinam\u00f3metro para el sector de camiones. Ensayos de rendimiento\\\/performance de frenos: veh\u00edculos comerciales ligeros y pesados.\",\"breadcrumb\":{\"@id\":\"https:\\\/\\\/www.tecsa-srl.it\\\/es\\\/dinamometro-camiones-2200\\\/#breadcrumb\"},\"inLanguage\":\"es\",\"potentialAction\":[{\"@type\":\"ReadAction\",\"target\":[\"https:\\\/\\\/www.tecsa-srl.it\\\/es\\\/dinamometro-camiones-2200\\\/\"]}]},{\"@type\":\"ImageObject\",\"inLanguage\":\"es\",\"@id\":\"https:\\\/\\\/www.tecsa-srl.it\\\/es\\\/dinamometro-camiones-2200\\\/#primaryimage\",\"url\":\"https:\\\/\\\/www.tecsa-srl.it\\\/wp-content\\\/uploads\\\/2019\\\/02\\\/TRUCK-TEST-BENCH.jpg\",\"contentUrl\":\"https:\\\/\\\/www.tecsa-srl.it\\\/wp-content\\\/uploads\\\/2019\\\/02\\\/TRUCK-TEST-BENCH.jpg\",\"width\":1400,\"height\":788},{\"@type\":\"BreadcrumbList\",\"@id\":\"https:\\\/\\\/www.tecsa-srl.it\\\/es\\\/dinamometro-camiones-2200\\\/#breadcrumb\",\"itemListElement\":[{\"@type\":\"ListItem\",\"position\":1,\"name\":\"Home\",\"item\":\"https:\\\/\\\/www.tecsa-srl.it\\\/es\\\/\"},{\"@type\":\"ListItem\",\"position\":2,\"name\":\"TT 2200\"}]},{\"@type\":\"WebSite\",\"@id\":\"https:\\\/\\\/www.tecsa-srl.it\\\/#website\",\"url\":\"https:\\\/\\\/www.tecsa-srl.it\\\/\",\"name\":\"TecSA prove su impianti frenanti\",\"description\":\"dinamometri - Friction Quality Test- Shear Strength Test - compressibilit\u00e0 - torsione alterna\",\"potentialAction\":[{\"@type\":\"SearchAction\",\"target\":{\"@type\":\"EntryPoint\",\"urlTemplate\":\"https:\\\/\\\/www.tecsa-srl.it\\\/?s={search_term_string}\"},\"query-input\":{\"@type\":\"PropertyValueSpecification\",\"valueRequired\":true,\"valueName\":\"search_term_string\"}}],\"inLanguage\":\"es\"}]}<\/script>\n<!-- \/ Yoast SEO plugin. -->","yoast_head_json":{"title":"Dinam\u00f3metro para el sector de camiones TT 2200","description":"Dinam\u00f3metro para el sector de camiones. Ensayos de rendimiento\/performance de frenos: veh\u00edculos comerciales ligeros y pesados.","robots":{"index":"index","follow":"follow","max-snippet":"max-snippet:-1","max-image-preview":"max-image-preview:large","max-video-preview":"max-video-preview:-1"},"canonical":"https:\/\/www.tecsa-srl.it\/es\/dinamometro-camiones-2200\/","og_locale":"es_ES","og_type":"article","og_title":"Dinam\u00f3metro para el sector de camiones TT 2200","og_description":"Dinam\u00f3metro para el sector de camiones. Ensayos de rendimiento\/performance de frenos: veh\u00edculos comerciales ligeros y pesados.","og_url":"https:\/\/www.tecsa-srl.it\/es\/dinamometro-camiones-2200\/","og_site_name":"TecSA prove su impianti frenanti","article_modified_time":"2023-11-08T14:03:32+00:00","og_image":[{"width":1400,"height":788,"url":"https:\/\/www.tecsa-srl.it\/wp-content\/uploads\/2019\/02\/TRUCK-TEST-BENCH.jpg","type":"image\/jpeg"}],"twitter_card":"summary_large_image","twitter_misc":{"Tiempo de lectura":"5 minutos"},"schema":{"@context":"https:\/\/schema.org","@graph":[{"@type":"WebPage","@id":"https:\/\/www.tecsa-srl.it\/es\/dinamometro-camiones-2200\/","url":"https:\/\/www.tecsa-srl.it\/es\/dinamometro-camiones-2200\/","name":"Dinam\u00f3metro para el sector de camiones TT 2200","isPartOf":{"@id":"https:\/\/www.tecsa-srl.it\/#website"},"primaryImageOfPage":{"@id":"https:\/\/www.tecsa-srl.it\/es\/dinamometro-camiones-2200\/#primaryimage"},"image":{"@id":"https:\/\/www.tecsa-srl.it\/es\/dinamometro-camiones-2200\/#primaryimage"},"thumbnailUrl":"https:\/\/www.tecsa-srl.it\/wp-content\/uploads\/2019\/02\/TRUCK-TEST-BENCH.jpg","datePublished":"2018-12-13T21:17:29+00:00","dateModified":"2023-11-08T14:03:32+00:00","description":"Dinam\u00f3metro para el sector de camiones. Ensayos de rendimiento\/performance de frenos: veh\u00edculos comerciales ligeros y pesados.","breadcrumb":{"@id":"https:\/\/www.tecsa-srl.it\/es\/dinamometro-camiones-2200\/#breadcrumb"},"inLanguage":"es","potentialAction":[{"@type":"ReadAction","target":["https:\/\/www.tecsa-srl.it\/es\/dinamometro-camiones-2200\/"]}]},{"@type":"ImageObject","inLanguage":"es","@id":"https:\/\/www.tecsa-srl.it\/es\/dinamometro-camiones-2200\/#primaryimage","url":"https:\/\/www.tecsa-srl.it\/wp-content\/uploads\/2019\/02\/TRUCK-TEST-BENCH.jpg","contentUrl":"https:\/\/www.tecsa-srl.it\/wp-content\/uploads\/2019\/02\/TRUCK-TEST-BENCH.jpg","width":1400,"height":788},{"@type":"BreadcrumbList","@id":"https:\/\/www.tecsa-srl.it\/es\/dinamometro-camiones-2200\/#breadcrumb","itemListElement":[{"@type":"ListItem","position":1,"name":"Home","item":"https:\/\/www.tecsa-srl.it\/es\/"},{"@type":"ListItem","position":2,"name":"TT 2200"}]},{"@type":"WebSite","@id":"https:\/\/www.tecsa-srl.it\/#website","url":"https:\/\/www.tecsa-srl.it\/","name":"TecSA prove su impianti frenanti","description":"dinamometri - Friction Quality Test- Shear Strength Test - compressibilit\u00e0 - torsione alterna","potentialAction":[{"@type":"SearchAction","target":{"@type":"EntryPoint","urlTemplate":"https:\/\/www.tecsa-srl.it\/?s={search_term_string}"},"query-input":{"@type":"PropertyValueSpecification","valueRequired":true,"valueName":"search_term_string"}}],"inLanguage":"es"}]}},"_links":{"self":[{"href":"https:\/\/www.tecsa-srl.it\/es\/wp-json\/wp\/v2\/pages\/5868","targetHints":{"allow":["GET"]}}],"collection":[{"href":"https:\/\/www.tecsa-srl.it\/es\/wp-json\/wp\/v2\/pages"}],"about":[{"href":"https:\/\/www.tecsa-srl.it\/es\/wp-json\/wp\/v2\/types\/page"}],"author":[{"embeddable":true,"href":"https:\/\/www.tecsa-srl.it\/es\/wp-json\/wp\/v2\/users\/1"}],"replies":[{"embeddable":true,"href":"https:\/\/www.tecsa-srl.it\/es\/wp-json\/wp\/v2\/comments?post=5868"}],"version-history":[{"count":1,"href":"https:\/\/www.tecsa-srl.it\/es\/wp-json\/wp\/v2\/pages\/5868\/revisions"}],"predecessor-version":[{"id":5870,"href":"https:\/\/www.tecsa-srl.it\/es\/wp-json\/wp\/v2\/pages\/5868\/revisions\/5870"}],"wp:featuredmedia":[{"embeddable":true,"href":"https:\/\/www.tecsa-srl.it\/es\/wp-json\/wp\/v2\/media\/4627"}],"wp:attachment":[{"href":"https:\/\/www.tecsa-srl.it\/es\/wp-json\/wp\/v2\/media?parent=5868"}],"curies":[{"name":"wp","href":"https:\/\/api.w.org\/{rel}","templated":true}]}}