{"id":5816,"date":"2018-12-13T22:23:03","date_gmt":"2018-12-13T21:23:03","guid":{"rendered":"https:\/\/www.tecsa-srl.it\/software\/"},"modified":"2023-11-07T17:26:27","modified_gmt":"2023-11-07T16:26:27","slug":"software","status":"publish","type":"page","link":"https:\/\/www.tecsa-srl.it\/es\/software\/","title":{"rendered":"Software"},"content":{"rendered":"<p>[et_pb_section fb_built=\u00bb1&#8243; _builder_version=\u00bb4.16&#8243; use_background_color_gradient=\u00bbon\u00bb background_color_gradient_direction=\u00bb45deg\u00bb background_color_gradient_stops=\u00bbrgba(29,38,0,0.85) 0%|rgba(29,38,0,0) 100%\u00bb background_color_gradient_overlays_image=\u00bbon\u00bb background_color_gradient_start=\u00bbrgba(29,38,0,0.85)\u00bb background_color_gradient_end=\u00bbrgba(29,38,0,0)\u00bb background_image=\u00bbhttps:\/\/www.tecsa-srl.it\/wp-content\/uploads\/2019\/05\/Software.jpg\u00bb inner_width_tablet=\u00bb50px\u00bb inner_max_width_tablet=\u00bb50px\u00bb custom_padding=\u00bb6vw|0px|6vw|0px|true|false\u00bb z_index_tablet=\u00bb500&#8243; global_colors_info=\u00bb{}\u00bb][et_pb_row _builder_version=\u00bb4.16&#8243; max_width=\u00bb1080px\u00bb global_colors_info=\u00bb{}\u00bb][et_pb_column type=\u00bb4_4&#8243; _builder_version=\u00bb4.16&#8243; custom_padding=\u00bb|||\u00bb global_colors_info=\u00bb{}\u00bb custom_padding__hover=\u00bb|||\u00bb][et_pb_text _builder_version=\u00bb4.23&#8243; text_font_size=\u00bb18px\u00bb text_line_height=\u00bb2em\u00bb header_font=\u00bb|700|||||||\u00bb header_font_size=\u00bb60px\u00bb header_line_height=\u00bb1.2em\u00bb text_orientation=\u00bbcenter\u00bb background_layout=\u00bbdark\u00bb max_width=\u00bb600px\u00bb module_alignment=\u00bbcenter\u00bb custom_margin=\u00bb|||\u00bb text_font_size_tablet=\u00bb\u00bb text_font_size_phone=\u00bb16px\u00bb text_font_size_last_edited=\u00bbon|phone\u00bb header_font_size_tablet=\u00bb50px\u00bb header_font_size_phone=\u00bb40px\u00bb header_font_size_last_edited=\u00bbon|phone\u00bb locked=\u00bboff\u00bb global_colors_info=\u00bb{}\u00bb]<\/p>\n<h1>Software<\/h1>\n<p>[\/et_pb_text][\/et_pb_column][\/et_pb_row][\/et_pb_section][et_pb_section fb_built=\u00bb1&#8243; admin_label=\u00bbAbout\u00bb _builder_version=\u00bb4.16&#8243; background_size=\u00bbinitial\u00bb background_position=\u00bbtop_left\u00bb global_colors_info=\u00bb{}\u00bb][et_pb_row column_structure=\u00bb2_3,1_3&#8243; _builder_version=\u00bb4.16&#8243; max_width=\u00bb1080px\u00bb custom_padding=\u00bb27px|0px||0px\u00bb locked=\u00bboff\u00bb global_colors_info=\u00bb{}\u00bb][et_pb_column type=\u00bb2_3&#8243; _builder_version=\u00bb4.16&#8243; custom_padding=\u00bb|||\u00bb global_colors_info=\u00bb{}\u00bb custom_padding__hover=\u00bb|||\u00bb][et_pb_text _builder_version=\u00bb4.23&#8243; text_font_size=\u00bb16px\u00bb text_line_height=\u00bb2em\u00bb header_3_font=\u00bb|700||on|||||\u00bb header_3_font_size=\u00bb20px\u00bb header_3_letter_spacing=\u00bb1px\u00bb header_3_line_height=\u00bb1.7em\u00bb text_font_size_tablet=\u00bb\u00bb text_font_size_phone=\u00bb14px\u00bb text_font_size_last_edited=\u00bbon|phone\u00bb locked=\u00bboff\u00bb global_colors_info=\u00bb{}\u00bb]<\/p>\n<h3>Gracias al paquete de software TecSA, el cliente es completamente aut\u00f3nomo en la definici\u00f3n, gesti\u00f3n y procesamiento de las pruebas.<\/h3>\n<p>El software TecSA puede instalarse en cualquier sistema operativo. Los datos introducidos por el usuario y los resultados de los ensayos pueden exportarse en formato .CSV e importarse a Excel o Diadem.[\/et_pb_text][et_pb_text _builder_version=\u00bb4.23&#8243; global_colors_info=\u00bb{}\u00bb]<strong>La arquitectura del sistema de banco de pruebas informatizado consta de tres niveles.<\/p>\n<p>[\/et_pb_text][et_pb_blurb title=\u00bbPrimer nivel (opcional): gesti\u00f3n centralizada de los archivos de datos y an\u00e1lisis de resultados\u00bb use_icon=\u00bbon\u00bb font_icon=\u00bb&#xe052;||divi||400&#8243; icon_color=\u00bb#e61f1a\u00bb icon_placement=\u00bbleft\u00bb image_icon_width=\u00bb20px\u00bb content_max_width=\u00bb1100px\u00bb admin_label=\u00bbPrimo livello (opzionale): gestione centralizzata degli archivi dati e analisi dei risultati\u00bb _builder_version=\u00bb4.23&#8243; header_font=\u00bb|600|||||||\u00bb header_font_size=\u00bb14px\u00bb header_line_height=\u00bb1.4em\u00bb custom_margin=\u00bb||10px|\u00bb animation_style=\u00bbslide\u00bb animation_direction=\u00bbleft\u00bb animation_intensity_slide=\u00bb4%\u00bb animation=\u00bboff\u00bb icon_font_size=\u00bb20px\u00bb global_colors_info=\u00bb{}\u00bb][\/et_pb_blurb][et_pb_blurb title=\u00bbSegundo nivel: supervisi\u00f3n de los dinam\u00f3metros, seguimiento y an\u00e1lisis de los resultados. Pueden utilizarse uno o varios PC conectados a una LAN y situados en distintas oficinas\u00bb use_icon=\u00bbon\u00bb font_icon=\u00bb&#xe052;||divi||400&#8243; icon_color=\u00bb#e61f1a\u00bb icon_placement=\u00bbleft\u00bb image_icon_width=\u00bb20px\u00bb content_max_width=\u00bb1100px\u00bb admin_label=\u00bbSecondo livello\u00bb _builder_version=\u00bb4.23&#8243; header_font=\u00bb|600|||||||\u00bb header_font_size=\u00bb14px\u00bb header_line_height=\u00bb1.4em\u00bb custom_margin=\u00bb||10px|\u00bb animation_style=\u00bbslide\u00bb animation_direction=\u00bbleft\u00bb animation_intensity_slide=\u00bb4%\u00bb animation=\u00bboff\u00bb icon_font_size=\u00bb20px\u00bb global_colors_info=\u00bb{}\u00bb][\/et_pb_blurb][et_pb_blurb title=\u00bbTercer nivel: supervisi\u00f3n de los dinam\u00f3metros, consistente en un PC conectado a un PLC y un sistema basado en un microcontrolador DSP, que gestiona la actividad en Tiempo Real\u00bb use_icon=\u00bbon\u00bb font_icon=\u00bb&#xe052;||divi||400&#8243; icon_color=\u00bb#e61f1a\u00bb icon_placement=\u00bbleft\u00bb image_icon_width=\u00bb20px\u00bb content_max_width=\u00bb1100px\u00bb admin_label=\u00bbTerzo livello\u00bb _builder_version=\u00bb4.23&#8243; header_font=\u00bb|600|||||||\u00bb header_font_size=\u00bb14px\u00bb header_line_height=\u00bb1.4em\u00bb custom_margin=\u00bb||10px|\u00bb animation_style=\u00bbslide\u00bb animation_direction=\u00bbleft\u00bb animation_intensity_slide=\u00bb4%\u00bb animation=\u00bboff\u00bb icon_font_size=\u00bb20px\u00bb global_colors_info=\u00bb{}\u00bb][\/et_pb_blurb][\/et_pb_column][et_pb_column type=\u00bb1_3&#8243; _builder_version=\u00bb4.16&#8243; custom_padding=\u00bb|||\u00bb global_colors_info=\u00bb{}\u00bb custom_padding__hover=\u00bb|||\u00bb][et_pb_image src=\u00bbhttps:\/\/www.tecsa-srl.it\/wp-content\/uploads\/2019\/03\/computer-software.png\u00bb alt=\u00bbSoftware TecSA: sistema de banco de pruebas\u00bb title_text=\u00bbSoftware TecSA: sistema de banco de pruebas\u00bb align_tablet=\u00bbcenter\u00bb align_phone=\u00bb\u00bb align_last_edited=\u00bbon|desktop\u00bb _builder_version=\u00bb4.23&#8243; vertical_offset_tablet=\u00bb0&#8243; horizontal_offset_tablet=\u00bb0&#8243; hover_enabled=\u00bb0&#8243; z_index_tablet=\u00bb0&#8243; box_shadow_horizontal_tablet=\u00bb0px\u00bb box_shadow_vertical_tablet=\u00bb0px\u00bb box_shadow_blur_tablet=\u00bb40px\u00bb box_shadow_spread_tablet=\u00bb0px\u00bb global_colors_info=\u00bb{}\u00bb sticky_enabled=\u00bb0&#8243;][\/et_pb_image][\/et_pb_column][\/et_pb_row][et_pb_row column_structure=\u00bb1_3,1_3,1_3&#8243; use_custom_gutter=\u00bbon\u00bb gutter_width=\u00bb2&#8243; make_equal=\u00bbon\u00bb _builder_version=\u00bb4.16&#8243; max_width=\u00bb1440px\u00bb use_custom_width=\u00bbon\u00bb custom_width_px=\u00bb1440px\u00bb global_colors_info=\u00bb{}\u00bb][et_pb_column type=\u00bb1_3&#8243; _builder_version=\u00bb4.16&#8243; custom_padding=\u00bb|||\u00bb global_colors_info=\u00bb{}\u00bb custom_padding__hover=\u00bb|||\u00bb][et_pb_blurb title=\u00bbSistema de Tiempo Real\u00bb icon_placement=\u00bbleft\u00bb admin_label=\u00bbSistema Real Time\u00bb _builder_version=\u00bb4.23&#8243; header_font=\u00bb|700||on|||||\u00bb body_font_size=\u00bb16px\u00bb body_line_height=\u00bb2em\u00bb background_color=\u00bb#e61f1a\u00bb background_layout=\u00bbdark\u00bb custom_margin=\u00bb|||\u00bb custom_margin_tablet=\u00bb|0px|30px|0px\u00bb custom_margin_phone=\u00bb\u00bb custom_margin_last_edited=\u00bbon|tablet\u00bb custom_padding=\u00bb40px|20px|40px|20px|true|true\u00bb animation_style=\u00bbfold\u00bb animation_direction=\u00bbright\u00bb animation_intensity_fold=\u00bb20%\u00bb animation=\u00bboff\u00bb custom_css_main_element=\u00bbdisplay: flex;||height: 100%;\u00bb box_shadow_style=\u00bbpreset3&#8243; box_shadow_vertical=\u00bb40px\u00bb box_shadow_blur=\u00bb60px\u00bb box_shadow_spread=\u00bb-30px\u00bb box_shadow_color=\u00bbrgba(0,0,0,0.34)\u00bb locked=\u00bboff\u00bb global_colors_info=\u00bb{}\u00bb]<\/p>\n<p>El sistema de Tiempo Real consiste en tarjetas NI cRio con una CPU y un chasis de expansi\u00f3n y funciona a una frecuencia de 1 kHz. Gracias al sistema Real Time, es posible realizar frenadas:<\/p>\n<ul>\n<li>en pares<\/li>\n<li>bajo presi\u00f3n<\/li>\n<li>en deceleraci\u00f3n<\/li>\n<li>en pares ajustando el valor m\u00e1ximo de presi\u00f3n aplicable<\/li>\n<li>en par, presi\u00f3n y deceleraci\u00f3n con posibilidad de modificar el valor de control durante el frenado<\/li>\n<li>en par, presi\u00f3n y deceleraci\u00f3n con posibilidad de aplicar funciones trigonom\u00e9tricas<\/li>\n<li>con inercia fija o variable en funci\u00f3n de la deceleraci\u00f3n para simular la transferencia de carga del veh\u00edculo (de atr\u00e1s hacia delante)<\/li>\n<li>con freno de mano externo<\/li>\n<li>fricci\u00f3n est\u00e1tica, hill hold, creep groan y aderencia<\/li>\n<\/ul>\n<p>[\/et_pb_blurb][\/et_pb_column][et_pb_column type=\u00bb1_3&#8243; _builder_version=\u00bb4.16&#8243; custom_padding=\u00bb|||\u00bb global_colors_info=\u00bb{}\u00bb custom_padding__hover=\u00bb|||\u00bb][et_pb_blurb title=\u00bbSoftware TecSA y Sistema TECNAS\u00bb icon_placement=\u00bbleft\u00bb admin_label=\u00bbSoftware TecSA e Sistema TECNAS \u00bb _builder_version=\u00bb4.23&#8243; header_font=\u00bb|700||on|||||\u00bb body_font_size=\u00bb16px\u00bb body_line_height=\u00bb2em\u00bb background_color=\u00bb#ffffff\u00bb custom_margin=\u00bb|||\u00bb custom_margin_tablet=\u00bb||30px|\u00bb custom_margin_phone=\u00bb\u00bb custom_margin_last_edited=\u00bbon|tablet\u00bb custom_padding=\u00bb40px|20px|40px|20px|true|true\u00bb animation_style=\u00bbfold\u00bb animation_direction=\u00bbleft\u00bb animation_delay=\u00bb100ms\u00bb animation_intensity_fold=\u00bb20%\u00bb animation=\u00bboff\u00bb custom_css_main_element=\u00bbdisplay: flex;||height: 100%;\u00bb box_shadow_style=\u00bbpreset3&#8243; box_shadow_vertical=\u00bb40px\u00bb box_shadow_blur=\u00bb60px\u00bb box_shadow_spread=\u00bb-30px\u00bb box_shadow_color=\u00bbrgba(0,0,0,0.34)\u00bb locked=\u00bboff\u00bb global_colors_info=\u00bb{}\u00bb]<\/p>\n<p>En concreto, el software TecSA permite realizar:<\/p>\n<ul>\n<li>simulaci\u00f3n de perfiles de carretera\/WLTP: en el banco se reproduce la frenada que el veh\u00edculo realiza en un circuito de carretera (t\u00edpicamente utilizado para el sector de competici\u00f3n)<\/li>\n<li>frenado regenerativo\/mezcla: en el banco se reproducen las condiciones de frenado de veh\u00edculos el\u00e9ctricos e h\u00edbridos, combinando la aplicaci\u00f3n de frenos hidr\u00e1ulicos y el\u00e9ctricos<\/li>\n<\/ul>\n<p>El sistema TECNAS (TecSA Noise Acquisition System) permite dotar a cada banco TecSA de dos capacidades independientes:<\/p>\n<ul>\n<li>pruebas de rendimiento\/performance<\/li>\n<li>ensayos NVH (Noise Vibration Harshness), para medir el confort de un veh\u00edculo<\/li>\n<\/ul>\n<p>[\/et_pb_blurb][\/et_pb_column][et_pb_column type=\u00bb1_3&#8243; _builder_version=\u00bb4.16&#8243; custom_padding=\u00bb|||\u00bb global_colors_info=\u00bb{}\u00bb custom_padding__hover=\u00bb|||\u00bb][et_pb_blurb title=\u00bbHardware y software TECNAS\u00bb icon_placement=\u00bbleft\u00bb admin_label=\u00bbSostituzioni\u00bb _builder_version=\u00bb4.23&#8243; header_font=\u00bb|700||on|||||\u00bb body_font_size=\u00bb16px\u00bb body_line_height=\u00bb2em\u00bb background_color=\u00bb#000000&#8243; background_layout=\u00bbdark\u00bb custom_margin=\u00bb|||\u00bb custom_margin_tablet=\u00bb||30px|\u00bb custom_margin_phone=\u00bb\u00bb custom_margin_last_edited=\u00bbon|tablet\u00bb custom_padding=\u00bb40px|20px|40px|20px|true|true\u00bb animation_style=\u00bbfold\u00bb animation_direction=\u00bbleft\u00bb animation_delay=\u00bb300ms\u00bb animation_intensity_fold=\u00bb20%\u00bb animation=\u00bboff\u00bb custom_css_main_element=\u00bbdisplay: flex;||height: 100%;\u00bb box_shadow_style=\u00bbpreset3&#8243; box_shadow_vertical=\u00bb40px\u00bb box_shadow_blur=\u00bb60px\u00bb box_shadow_spread=\u00bb-30px\u00bb box_shadow_color=\u00bbrgba(0,0,0,0.34)\u00bb locked=\u00bboff\u00bb global_colors_info=\u00bb{}\u00bb]El hardware de TECNAS proporciona:<\/p>\n<ul>\n<li>8 canales vibroac\u00fasticos (24 bits, 110 dB de rango din\u00e1mico, 102,4 kS\/s m\u00e1x., 45 kHz de ancho de banda sin alias, acondicionamiento IEPE\/ICP)<\/li>\n<li>4 canales auxiliares a 100 Hz (presi\u00f3n, par, temperatura, velocidad)<\/li>\n<\/ul>\n<p>El software TECNAS permite:<\/p>\n<ul>\n<li>tres buffers FFT diferentes (1024, 2048, 4096)<\/li>\n<li>c\u00e1lculo en l\u00ednea de FFT, ruido\/vibraci\u00f3n, pico\/frecuencia<\/li>\n<li>umbral programable<\/li>\n<li>generaci\u00f3n autom\u00e1tica de informes<\/li>\n<li>adquisici\u00f3n de archivos de audio<\/li>\n<li>salida de sonido por meg\u00e1fono<\/li>\n<li>postprocesamiento en cascada<\/li>\n<\/ul>\n<p>[\/et_pb_blurb][\/et_pb_column][\/et_pb_row][et_pb_row _builder_version=\u00bb4.16&#8243; max_width=\u00bb1080px\u00bb custom_margin=\u00bb0%|||\u00bb custom_padding=\u00bb0%|||\u00bb global_colors_info=\u00bb{}\u00bb][et_pb_column type=\u00bb4_4&#8243; _builder_version=\u00bb4.16&#8243; custom_padding=\u00bb|||\u00bb global_colors_info=\u00bb{}\u00bb custom_padding__hover=\u00bb|||\u00bb][et_pb_text _builder_version=\u00bb4.23&#8243; global_colors_info=\u00bb{}\u00bb]La descripci\u00f3n de nuevos procedimientos de ensayo resulta especialmente sencilla. Los programas TecSA permiten al usuario definir individualmente cada procedimiento de frenado introduciendo m\u00e1s de 200 par\u00e1metros, agrupar procedimientos de frenado individuales en fases y ciclos y establecer repeticiones.<br \/>\nLa ejecuci\u00f3n de las pruebas est\u00e1 totalmente automatizada y no se requiere la presencia constante de un operario. Una \u00fanica estaci\u00f3n de trabajo permite supervisar, incluso a distancia, tabletas y smartphones, las actividades de varios bancos y transferir los resultados a bases de datos centralizadas.<br \/>\nAl final de la prueba, el sistema informatizado procesa los resultados num\u00e9ricos (valores de cada frenada) y los datos en Time History (valores adquiridos en funci\u00f3n de las especificaciones indicadas por el usuario). El archivo Time History se genera en el formato est\u00e1ndar .CSV, legible en cualquier dispositivo electr\u00f3nico.[\/et_pb_text][et_pb_text _builder_version=\u00bb4.23&#8243; vertical_offset_tablet=\u00bb0&#8243; horizontal_offset_tablet=\u00bb0&#8243; z_index_tablet=\u00bb500&#8243; box_shadow_horizontal_tablet=\u00bb0px\u00bb box_shadow_vertical_tablet=\u00bb0px\u00bb box_shadow_blur_tablet=\u00bb40px\u00bb box_shadow_spread_tablet=\u00bb0px\u00bb global_colors_info=\u00bb{}\u00bb]<\/p>\n<p style=\"text-align: center;\"><a class=\"more-link\" style=\"text-align: center;\" href=\"https:\/\/www.tecsa-srl.it\/wp-content\/uploads\/2019\/05\/TecSA-Software.pdf\" target=\"_blank\" rel=\"noopener noreferrer\">Descargar especificaciones<\/a><\/p>\n<p>[\/et_pb_text][\/et_pb_column][\/et_pb_row][\/et_pb_section]<\/p>\n","protected":false},"excerpt":{"rendered":"<p>Software Gracias al paquete de software TecSA, el cliente es completamente aut\u00f3nomo en la definici\u00f3n, gesti\u00f3n y procesamiento de las pruebas. El software TecSA puede instalarse en cualquier sistema operativo. Los datos introducidos por el usuario y los resultados de los ensayos pueden exportarse en formato .CSV e importarse a Excel o Diadem.La arquitectura del [&hellip;]<\/p>\n","protected":false},"author":1,"featured_media":4679,"parent":0,"menu_order":0,"comment_status":"closed","ping_status":"closed","template":"","meta":{"_et_pb_use_builder":"on","_et_pb_old_content":"","_et_gb_content_width":"","footnotes":""},"class_list":["post-5816","page","type-page","status-publish","has-post-thumbnail","hentry"],"yoast_head":"<!-- This site is optimized with the Yoast SEO plugin v27.3 - https:\/\/yoast.com\/product\/yoast-seo-wordpress\/ -->\n<title>Software TecSA<\/title>\n<meta name=\"description\" content=\"Gracias al paquete de software TecSA, el cliente es completamente aut\u00f3nomo en la definici\u00f3n, gesti\u00f3n y procesamiento de las pruebas.\" \/>\n<meta name=\"robots\" content=\"index, follow, max-snippet:-1, max-image-preview:large, max-video-preview:-1\" \/>\n<link rel=\"canonical\" href=\"https:\/\/www.tecsa-srl.it\/es\/software\/\" \/>\n<meta property=\"og:locale\" content=\"es_ES\" \/>\n<meta property=\"og:type\" content=\"article\" \/>\n<meta property=\"og:title\" content=\"Software TecSA\" \/>\n<meta property=\"og:description\" content=\"Gracias al paquete de software TecSA, el cliente es completamente aut\u00f3nomo en la definici\u00f3n, gesti\u00f3n y procesamiento de las pruebas.\" \/>\n<meta property=\"og:url\" content=\"https:\/\/www.tecsa-srl.it\/es\/software\/\" \/>\n<meta property=\"og:site_name\" content=\"TecSA prove su impianti frenanti\" \/>\n<meta property=\"article:modified_time\" content=\"2023-11-07T16:26:27+00:00\" \/>\n<meta property=\"og:image\" content=\"https:\/\/www.tecsa-srl.it\/wp-content\/uploads\/2019\/03\/computer-software.png\" \/>\n\t<meta property=\"og:image:width\" content=\"838\" \/>\n\t<meta property=\"og:image:height\" content=\"695\" \/>\n\t<meta property=\"og:image:type\" content=\"image\/png\" \/>\n<meta name=\"twitter:card\" content=\"summary_large_image\" \/>\n<meta name=\"twitter:label1\" content=\"Tiempo de lectura\" \/>\n\t<meta name=\"twitter:data1\" content=\"9 minutos\" \/>\n<script type=\"application\/ld+json\" class=\"yoast-schema-graph\">{\"@context\":\"https:\\\/\\\/schema.org\",\"@graph\":[{\"@type\":\"WebPage\",\"@id\":\"https:\\\/\\\/www.tecsa-srl.it\\\/es\\\/software\\\/\",\"url\":\"https:\\\/\\\/www.tecsa-srl.it\\\/es\\\/software\\\/\",\"name\":\"Software TecSA\",\"isPartOf\":{\"@id\":\"https:\\\/\\\/www.tecsa-srl.it\\\/#website\"},\"primaryImageOfPage\":{\"@id\":\"https:\\\/\\\/www.tecsa-srl.it\\\/es\\\/software\\\/#primaryimage\"},\"image\":{\"@id\":\"https:\\\/\\\/www.tecsa-srl.it\\\/es\\\/software\\\/#primaryimage\"},\"thumbnailUrl\":\"https:\\\/\\\/www.tecsa-srl.it\\\/wp-content\\\/uploads\\\/2019\\\/03\\\/computer-software.png\",\"datePublished\":\"2018-12-13T21:23:03+00:00\",\"dateModified\":\"2023-11-07T16:26:27+00:00\",\"description\":\"Gracias al paquete de software TecSA, el cliente es completamente aut\u00f3nomo en la definici\u00f3n, gesti\u00f3n y procesamiento de las pruebas.\",\"breadcrumb\":{\"@id\":\"https:\\\/\\\/www.tecsa-srl.it\\\/es\\\/software\\\/#breadcrumb\"},\"inLanguage\":\"es\",\"potentialAction\":[{\"@type\":\"ReadAction\",\"target\":[\"https:\\\/\\\/www.tecsa-srl.it\\\/es\\\/software\\\/\"]}]},{\"@type\":\"ImageObject\",\"inLanguage\":\"es\",\"@id\":\"https:\\\/\\\/www.tecsa-srl.it\\\/es\\\/software\\\/#primaryimage\",\"url\":\"https:\\\/\\\/www.tecsa-srl.it\\\/wp-content\\\/uploads\\\/2019\\\/03\\\/computer-software.png\",\"contentUrl\":\"https:\\\/\\\/www.tecsa-srl.it\\\/wp-content\\\/uploads\\\/2019\\\/03\\\/computer-software.png\",\"width\":838,\"height\":695},{\"@type\":\"BreadcrumbList\",\"@id\":\"https:\\\/\\\/www.tecsa-srl.it\\\/es\\\/software\\\/#breadcrumb\",\"itemListElement\":[{\"@type\":\"ListItem\",\"position\":1,\"name\":\"Home\",\"item\":\"https:\\\/\\\/www.tecsa-srl.it\\\/es\\\/\"},{\"@type\":\"ListItem\",\"position\":2,\"name\":\"Software\"}]},{\"@type\":\"WebSite\",\"@id\":\"https:\\\/\\\/www.tecsa-srl.it\\\/#website\",\"url\":\"https:\\\/\\\/www.tecsa-srl.it\\\/\",\"name\":\"TecSA prove su impianti frenanti\",\"description\":\"dinamometri - Friction Quality Test- Shear Strength Test - compressibilit\u00e0 - torsione alterna\",\"potentialAction\":[{\"@type\":\"SearchAction\",\"target\":{\"@type\":\"EntryPoint\",\"urlTemplate\":\"https:\\\/\\\/www.tecsa-srl.it\\\/?s={search_term_string}\"},\"query-input\":{\"@type\":\"PropertyValueSpecification\",\"valueRequired\":true,\"valueName\":\"search_term_string\"}}],\"inLanguage\":\"es\"}]}<\/script>\n<!-- \/ Yoast SEO plugin. -->","yoast_head_json":{"title":"Software TecSA","description":"Gracias al paquete de software TecSA, el cliente es completamente aut\u00f3nomo en la definici\u00f3n, gesti\u00f3n y procesamiento de las pruebas.","robots":{"index":"index","follow":"follow","max-snippet":"max-snippet:-1","max-image-preview":"max-image-preview:large","max-video-preview":"max-video-preview:-1"},"canonical":"https:\/\/www.tecsa-srl.it\/es\/software\/","og_locale":"es_ES","og_type":"article","og_title":"Software TecSA","og_description":"Gracias al paquete de software TecSA, el cliente es completamente aut\u00f3nomo en la definici\u00f3n, gesti\u00f3n y procesamiento de las pruebas.","og_url":"https:\/\/www.tecsa-srl.it\/es\/software\/","og_site_name":"TecSA prove su impianti frenanti","article_modified_time":"2023-11-07T16:26:27+00:00","og_image":[{"width":838,"height":695,"url":"https:\/\/www.tecsa-srl.it\/wp-content\/uploads\/2019\/03\/computer-software.png","type":"image\/png"}],"twitter_card":"summary_large_image","twitter_misc":{"Tiempo de lectura":"9 minutos"},"schema":{"@context":"https:\/\/schema.org","@graph":[{"@type":"WebPage","@id":"https:\/\/www.tecsa-srl.it\/es\/software\/","url":"https:\/\/www.tecsa-srl.it\/es\/software\/","name":"Software TecSA","isPartOf":{"@id":"https:\/\/www.tecsa-srl.it\/#website"},"primaryImageOfPage":{"@id":"https:\/\/www.tecsa-srl.it\/es\/software\/#primaryimage"},"image":{"@id":"https:\/\/www.tecsa-srl.it\/es\/software\/#primaryimage"},"thumbnailUrl":"https:\/\/www.tecsa-srl.it\/wp-content\/uploads\/2019\/03\/computer-software.png","datePublished":"2018-12-13T21:23:03+00:00","dateModified":"2023-11-07T16:26:27+00:00","description":"Gracias al paquete de software TecSA, el cliente es completamente aut\u00f3nomo en la definici\u00f3n, gesti\u00f3n y procesamiento de las pruebas.","breadcrumb":{"@id":"https:\/\/www.tecsa-srl.it\/es\/software\/#breadcrumb"},"inLanguage":"es","potentialAction":[{"@type":"ReadAction","target":["https:\/\/www.tecsa-srl.it\/es\/software\/"]}]},{"@type":"ImageObject","inLanguage":"es","@id":"https:\/\/www.tecsa-srl.it\/es\/software\/#primaryimage","url":"https:\/\/www.tecsa-srl.it\/wp-content\/uploads\/2019\/03\/computer-software.png","contentUrl":"https:\/\/www.tecsa-srl.it\/wp-content\/uploads\/2019\/03\/computer-software.png","width":838,"height":695},{"@type":"BreadcrumbList","@id":"https:\/\/www.tecsa-srl.it\/es\/software\/#breadcrumb","itemListElement":[{"@type":"ListItem","position":1,"name":"Home","item":"https:\/\/www.tecsa-srl.it\/es\/"},{"@type":"ListItem","position":2,"name":"Software"}]},{"@type":"WebSite","@id":"https:\/\/www.tecsa-srl.it\/#website","url":"https:\/\/www.tecsa-srl.it\/","name":"TecSA prove su impianti frenanti","description":"dinamometri - Friction Quality Test- Shear Strength Test - compressibilit\u00e0 - torsione alterna","potentialAction":[{"@type":"SearchAction","target":{"@type":"EntryPoint","urlTemplate":"https:\/\/www.tecsa-srl.it\/?s={search_term_string}"},"query-input":{"@type":"PropertyValueSpecification","valueRequired":true,"valueName":"search_term_string"}}],"inLanguage":"es"}]}},"_links":{"self":[{"href":"https:\/\/www.tecsa-srl.it\/es\/wp-json\/wp\/v2\/pages\/5816","targetHints":{"allow":["GET"]}}],"collection":[{"href":"https:\/\/www.tecsa-srl.it\/es\/wp-json\/wp\/v2\/pages"}],"about":[{"href":"https:\/\/www.tecsa-srl.it\/es\/wp-json\/wp\/v2\/types\/page"}],"author":[{"embeddable":true,"href":"https:\/\/www.tecsa-srl.it\/es\/wp-json\/wp\/v2\/users\/1"}],"replies":[{"embeddable":true,"href":"https:\/\/www.tecsa-srl.it\/es\/wp-json\/wp\/v2\/comments?post=5816"}],"version-history":[{"count":4,"href":"https:\/\/www.tecsa-srl.it\/es\/wp-json\/wp\/v2\/pages\/5816\/revisions"}],"predecessor-version":[{"id":5826,"href":"https:\/\/www.tecsa-srl.it\/es\/wp-json\/wp\/v2\/pages\/5816\/revisions\/5826"}],"wp:featuredmedia":[{"embeddable":true,"href":"https:\/\/www.tecsa-srl.it\/es\/wp-json\/wp\/v2\/media\/4679"}],"wp:attachment":[{"href":"https:\/\/www.tecsa-srl.it\/es\/wp-json\/wp\/v2\/media?parent=5816"}],"curies":[{"name":"wp","href":"https:\/\/api.w.org\/{rel}","templated":true}]}}